{"id":144,"date":"2026-03-31T12:10:52","date_gmt":"2026-03-31T12:10:52","guid":{"rendered":"https:\/\/wpvip.ipsen.digital\/iniekcjawdomu\/?page_id=144"},"modified":"2026-03-31T12:19:07","modified_gmt":"2026-03-31T12:19:07","slug":"login","status":"publish","type":"page","link":"https:\/\/wpvip.ipsen.digital\/iniekcjawdomu\/login\/","title":{"rendered":"Login"},"content":{"rendered":"\n<p><\/p>\n\n\n\n<p><\/p>\n\n\n\n<p><\/p>\n\n\n\n<hr class=\"wp-block-separator has-alpha-channel-opacity\"\/>\n\n\n\n<h2 class=\"wp-block-heading\">Aby zalogowa\u0107 si\u0119 do strony wpisz has\u0142o otrzymane od swojego lekarza:<\/h2>\n\n\n\n<div\n    class=\"wp-block-ipsen-pin-code-access-login-form\" data-wp-interactive=\"ipsenPinCodeAccess\"    data-wp-context='{\"pinCode\":\"\",\"errorMsg\":\"\",\"loading\":false,\"defaultErrorMessage\":\"Something went wrong\",\"hasError\":false,\"apiUrl\":\"https:\\\/\\\/wpvip.ipsen.digital\\\/iniekcjawdomu\\\/wp-json\\\/ipsen-pin-code-access\\\/v1\\\/login-check\"}'>\n        <form\n        data-wp-on--submit=\"actions.onFormSubmit\"\n        class=\"form\"\n    >\n        <div class=\"field-group field-group--size-1-2\">\n            <label\n                class=\"field-label\"\n                for=\"69de1db536adb\"\n            >\n                            <\/label>\n            <input value=\"\"\n                id=\"69de1db536adb\"\n                type=\"password\"\n                class=\"form-field field-type-password\"\n                placeholder=\"\"\n                data-wp-bind--value=\"context.pinCode\"\n                data-wp-on--input=\"actions.updatePinCode\"\n                data-wp-class--error=\"context.hasError\"\n            \/>\n        <\/div>\n        <small hidden\n                data-wp-bind--hidden=\"!context.loading\"\n        >Loading&#8230;<\/small>\n        <small hidden\n            class=\"form-error-msg\"\n            data-wp-bind--hidden=\"!context.hasError\"\n            data-wp-text=\"context.errorMsg\"\n        ><\/small>\n        <div class=\"field-group field-group--size-1-2\">\n            <input\n                type=\"submit\"\n                class=\"wp-block-button wp-element-button\"\n                value=\"Enter\"\n            \/>\n        <\/div>\n    <\/form>\n<\/div>\n\n\n\n<p><\/p>\n","protected":false},"excerpt":{"rendered":"<p>Aby zalogowa\u0107 si\u0119 do strony wpisz has\u0142o otrzymane od swojego lekarza:<\/p>\n","protected":false},"author":701,"featured_media":0,"parent":0,"menu_order":0,"comment_status":"closed","ping_status":"closed","template":"template-no-title","meta":{"_user_content_segmentation__post_segment_selection":[],"ipsen-approval-number":"","ipsen-post-related":[],"ipsen-off-label-enabled":false,"ipsen-off-label-message":"","editor_notices":[],"_ifac_restricted":false,"footnotes":""},"ipsen-author":[],"class_list":["post-144","page","type-page","status-publish","hentry"],"yoast_head":"<!-- This site is optimized with the Yoast SEO plugin v26.9 - https:\/\/yoast.com\/product\/yoast-seo-wordpress\/ -->\n<title>Login - Iniekcja W DOMU<\/title>\n<meta name=\"robots\" content=\"index, follow, max-snippet:-1, max-image-preview:large, max-video-preview:-1\" \/>\n<link rel=\"canonical\" href=\"https:\/\/wpvip.ipsen.digital\/iniekcjawdomu\/login\/\" \/>\n<meta property=\"og:locale\" content=\"en_US\" \/>\n<meta property=\"og:type\" content=\"article\" \/>\n<meta property=\"og:title\" content=\"Login - Iniekcja W DOMU\" \/>\n<meta property=\"og:description\" content=\"Aby zalogowa\u0107 si\u0119 do strony wpisz has\u0142o otrzymane od swojego lekarza:\" \/>\n<meta property=\"og:url\" content=\"https:\/\/wpvip.ipsen.digital\/iniekcjawdomu\/login\/\" \/>\n<meta property=\"og:site_name\" content=\"Iniekcja W DOMU\" \/>\n<meta property=\"article:modified_time\" content=\"2026-03-31T12:19:07+00:00\" \/>\n<meta name=\"twitter:card\" content=\"summary_large_image\" \/>\n<meta name=\"twitter:label1\" content=\"Est. reading time\" \/>\n\t<meta name=\"twitter:data1\" content=\"1 minute\" \/>\n<script type=\"application\/ld+json\" class=\"yoast-schema-graph\">{\"@context\":\"https:\/\/schema.org\",\"@graph\":[{\"@type\":\"WebPage\",\"@id\":\"https:\/\/wpvip.ipsen.digital\/iniekcjawdomu\/login\/\",\"url\":\"https:\/\/wpvip.ipsen.digital\/iniekcjawdomu\/login\/\",\"name\":\"Login - Iniekcja W DOMU\",\"isPartOf\":{\"@id\":\"https:\/\/wpvip.ipsen.digital\/iniekcjawdomu\/#website\"},\"datePublished\":\"2026-03-31T12:10:52+00:00\",\"dateModified\":\"2026-03-31T12:19:07+00:00\",\"breadcrumb\":{\"@id\":\"https:\/\/wpvip.ipsen.digital\/iniekcjawdomu\/login\/#breadcrumb\"},\"inLanguage\":\"en-US\",\"potentialAction\":[{\"@type\":\"ReadAction\",\"target\":[\"https:\/\/wpvip.ipsen.digital\/iniekcjawdomu\/login\/\"]}]},{\"@type\":\"BreadcrumbList\",\"@id\":\"https:\/\/wpvip.ipsen.digital\/iniekcjawdomu\/login\/#breadcrumb\",\"itemListElement\":[{\"@type\":\"ListItem\",\"position\":1,\"name\":\"Home\",\"item\":\"https:\/\/wpvip.ipsen.digital\/iniekcjawdomu\/\"},{\"@type\":\"ListItem\",\"position\":2,\"name\":\"Login\"}]},{\"@type\":\"WebSite\",\"@id\":\"https:\/\/wpvip.ipsen.digital\/iniekcjawdomu\/#website\",\"url\":\"https:\/\/wpvip.ipsen.digital\/iniekcjawdomu\/\",\"name\":\"Iniekcja W DOMU\",\"description\":\"\",\"publisher\":{\"@id\":\"https:\/\/wpvip.ipsen.digital\/iniekcjawdomu\/#organization\"},\"potentialAction\":[{\"@type\":\"SearchAction\",\"target\":{\"@type\":\"EntryPoint\",\"urlTemplate\":\"https:\/\/wpvip.ipsen.digital\/iniekcjawdomu\/?s={search_term_string}\"},\"query-input\":{\"@type\":\"PropertyValueSpecification\",\"valueRequired\":true,\"valueName\":\"search_term_string\"}}],\"inLanguage\":\"en-US\"},{\"@type\":\"Organization\",\"@id\":\"https:\/\/wpvip.ipsen.digital\/iniekcjawdomu\/#organization\",\"name\":\"Iniekcja W DOMU\",\"url\":\"https:\/\/wpvip.ipsen.digital\/iniekcjawdomu\/\",\"logo\":{\"@type\":\"ImageObject\",\"inLanguage\":\"en-US\",\"@id\":\"https:\/\/wpvip.ipsen.digital\/iniekcjawdomu\/#\/schema\/logo\/image\/\",\"url\":\"https:\/\/wpvip.ipsen.digital\/iniekcjawdomu\/wp-content\/uploads\/sites\/96\/2026\/02\/imgi_1_logo-iniekcja-w-domu.png\",\"contentUrl\":\"https:\/\/wpvip.ipsen.digital\/iniekcjawdomu\/wp-content\/uploads\/sites\/96\/2026\/02\/imgi_1_logo-iniekcja-w-domu.png\",\"width\":274,\"height\":125,\"caption\":\"Iniekcja W DOMU\"},\"image\":{\"@id\":\"https:\/\/wpvip.ipsen.digital\/iniekcjawdomu\/#\/schema\/logo\/image\/\"}}]}<\/script>\n<!-- \/ Yoast SEO plugin. -->","yoast_head_json":{"title":"Login - Iniekcja W DOMU","robots":{"index":"index","follow":"follow","max-snippet":"max-snippet:-1","max-image-preview":"max-image-preview:large","max-video-preview":"max-video-preview:-1"},"canonical":"https:\/\/wpvip.ipsen.digital\/iniekcjawdomu\/login\/","og_locale":"en_US","og_type":"article","og_title":"Login - Iniekcja W DOMU","og_description":"Aby zalogowa\u0107 si\u0119 do strony wpisz has\u0142o otrzymane od swojego lekarza:","og_url":"https:\/\/wpvip.ipsen.digital\/iniekcjawdomu\/login\/","og_site_name":"Iniekcja W DOMU","article_modified_time":"2026-03-31T12:19:07+00:00","twitter_card":"summary_large_image","twitter_misc":{"Est. reading time":"1 minute"},"schema":{"@context":"https:\/\/schema.org","@graph":[{"@type":"WebPage","@id":"https:\/\/wpvip.ipsen.digital\/iniekcjawdomu\/login\/","url":"https:\/\/wpvip.ipsen.digital\/iniekcjawdomu\/login\/","name":"Login - Iniekcja W DOMU","isPartOf":{"@id":"https:\/\/wpvip.ipsen.digital\/iniekcjawdomu\/#website"},"datePublished":"2026-03-31T12:10:52+00:00","dateModified":"2026-03-31T12:19:07+00:00","breadcrumb":{"@id":"https:\/\/wpvip.ipsen.digital\/iniekcjawdomu\/login\/#breadcrumb"},"inLanguage":"en-US","potentialAction":[{"@type":"ReadAction","target":["https:\/\/wpvip.ipsen.digital\/iniekcjawdomu\/login\/"]}]},{"@type":"BreadcrumbList","@id":"https:\/\/wpvip.ipsen.digital\/iniekcjawdomu\/login\/#breadcrumb","itemListElement":[{"@type":"ListItem","position":1,"name":"Home","item":"https:\/\/wpvip.ipsen.digital\/iniekcjawdomu\/"},{"@type":"ListItem","position":2,"name":"Login"}]},{"@type":"WebSite","@id":"https:\/\/wpvip.ipsen.digital\/iniekcjawdomu\/#website","url":"https:\/\/wpvip.ipsen.digital\/iniekcjawdomu\/","name":"Iniekcja W DOMU","description":"","publisher":{"@id":"https:\/\/wpvip.ipsen.digital\/iniekcjawdomu\/#organization"},"potentialAction":[{"@type":"SearchAction","target":{"@type":"EntryPoint","urlTemplate":"https:\/\/wpvip.ipsen.digital\/iniekcjawdomu\/?s={search_term_string}"},"query-input":{"@type":"PropertyValueSpecification","valueRequired":true,"valueName":"search_term_string"}}],"inLanguage":"en-US"},{"@type":"Organization","@id":"https:\/\/wpvip.ipsen.digital\/iniekcjawdomu\/#organization","name":"Iniekcja W DOMU","url":"https:\/\/wpvip.ipsen.digital\/iniekcjawdomu\/","logo":{"@type":"ImageObject","inLanguage":"en-US","@id":"https:\/\/wpvip.ipsen.digital\/iniekcjawdomu\/#\/schema\/logo\/image\/","url":"https:\/\/wpvip.ipsen.digital\/iniekcjawdomu\/wp-content\/uploads\/sites\/96\/2026\/02\/imgi_1_logo-iniekcja-w-domu.png","contentUrl":"https:\/\/wpvip.ipsen.digital\/iniekcjawdomu\/wp-content\/uploads\/sites\/96\/2026\/02\/imgi_1_logo-iniekcja-w-domu.png","width":274,"height":125,"caption":"Iniekcja W DOMU"},"image":{"@id":"https:\/\/wpvip.ipsen.digital\/iniekcjawdomu\/#\/schema\/logo\/image\/"}}]}},"_links":{"self":[{"href":"https:\/\/wpvip.ipsen.digital\/iniekcjawdomu\/wp-json\/wp\/v2\/pages\/144","targetHints":{"allow":["GET"]}}],"collection":[{"href":"https:\/\/wpvip.ipsen.digital\/iniekcjawdomu\/wp-json\/wp\/v2\/pages"}],"about":[{"href":"https:\/\/wpvip.ipsen.digital\/iniekcjawdomu\/wp-json\/wp\/v2\/types\/page"}],"author":[{"embeddable":true,"href":"https:\/\/wpvip.ipsen.digital\/iniekcjawdomu\/wp-json\/wp\/v2\/users\/701"}],"replies":[{"embeddable":true,"href":"https:\/\/wpvip.ipsen.digital\/iniekcjawdomu\/wp-json\/wp\/v2\/comments?post=144"}],"version-history":[{"count":7,"href":"https:\/\/wpvip.ipsen.digital\/iniekcjawdomu\/wp-json\/wp\/v2\/pages\/144\/revisions"}],"predecessor-version":[{"id":154,"href":"https:\/\/wpvip.ipsen.digital\/iniekcjawdomu\/wp-json\/wp\/v2\/pages\/144\/revisions\/154"}],"wp:attachment":[{"href":"https:\/\/wpvip.ipsen.digital\/iniekcjawdomu\/wp-json\/wp\/v2\/media?parent=144"}],"wp:term":[{"taxonomy":"ipsen-author","embeddable":true,"href":"https:\/\/wpvip.ipsen.digital\/iniekcjawdomu\/wp-json\/wp\/v2\/ipsen-author?post=144"}],"curies":[{"name":"wp","href":"https:\/\/api.w.org\/{rel}","templated":true}]}}