{"id":21,"date":"2026-02-27T07:56:36","date_gmt":"2026-02-27T07:56:36","guid":{"rendered":"https:\/\/wpvip.ipsen.digital\/iniekcjawdomu\/?page_id=21"},"modified":"2026-03-05T05:54:11","modified_gmt":"2026-03-05T05:54:11","slug":"o-nowotworach-neuroendokrynnych","status":"publish","type":"page","link":"https:\/\/wpvip.ipsen.digital\/iniekcjawdomu\/o-nowotworach-neuroendokrynnych\/","title":{"rendered":"Nowotwory neuroendokrynne"},"content":{"rendered":"\n<section class=\"alignfull wp-block-ipsen-hero-v2\">\n            <img\n                class=\"wp-block-ipsen-hero-v2__image\"\n                src=\"https:\/\/wpvip.ipsen.digital\/iniekcjawdomu\/wp-content\/uploads\/sites\/96\/2026\/02\/imgi_16_hero-about-neuroendocrine-tumors.jpg\"\n                width=\"1920\"\n                height=\"224\"\n                fetchpriority=\"high\"\n                decoding=\"async\"\n                alt=\"\"\n        \/>\n            <div class=\"wp-block-ipsen-hero-v2__content\">\n        <div class=\"wp-block-ipsen-hero-v2__content-inner\">\n            \n\n<div class=\"has-2-columns wp-block-ipsen-columns\">\n    \n\n<div class=\"wp-block-ipsen-wrapper\">\n    \n\n<h1 class=\"wp-block-heading\">Nowotwory neuroendokrynne<\/h1>\n\n\n\n<p class=\"is-style-lead-paragraph\"><\/p>\n\n<\/div>\n\n\n\n<div class=\"wp-block-ipsen-wrapper\">\n    <\/div>\n\n<\/div>\n\n        <\/div>\n    <\/div>\n<\/section>\n\n\n\n<h2 class=\"wp-block-heading\" style=\"margin-top:var(--wp--preset--spacing--base-x-4)\">Czy wiesz, \u017ce zachorowalno\u015b\u0107 na nowotwory<br>neuroendokrynne stale ro\u015bnie?<\/h2>\n\n\n\n<p style=\"padding-bottom:var(--wp--preset--spacing--base-x-3)\">Nowotwory neuroendokrynne nale\u017c\u0105 do grupy stosunkowo rzadkich i bardzo zr\u00f3\u017cnicowanych<br>nowotwor\u00f3w, z bardzo dynamicznym prawie 7-krotnym wzrostem zachorowa\u0144 w ostatnim<br>trzydziestoleciu. Obecnie uwa\u017ca si\u0119, \u017ce wszystkie nowotwory neuroendokrynne uk\u0142adu<br>pokarmowego stanowi\u0105 drugi, co do cz\u0119sto\u015bci wyst\u0119powania nowotw\u00f3r po raku jelita grubego.<sup>1<\/sup><\/p>\n\n\n\n<hr class=\"wp-block-separator has-text-color has-gray-color has-alpha-channel-opacity has-gray-background-color has-background\"\/>\n\n\n\n<h2 class=\"wp-block-heading has-text-align-center\" style=\"margin-top:var(--wp--preset--spacing--base-x-4)\">Zesp\u00f3\u0142 rakowiaka w nowotworach neuroendokrynnych<\/h2>\n\n\n\n<p class=\"has-text-align-center\">Zachorowalno\u015b\u0107 na nowotwory neuroendokrynne stale ro\u015bnie<sup>1<\/sup><\/p>\n\n\n\n<figure class=\"aligncenter wp-block-ipsen-image\">\n    <div class=\"wp-block-ipsen-image__wrap\">\n        \n<picture>\n    <img src=\"https:\/\/wpvip.ipsen.digital\/iniekcjawdomu\/wp-content\/uploads\/sites\/96\/2026\/02\/imgi_1_tumors-characteristic-1.png?w=719\" width=\"719\" height=\"225\" srcset=\"https:\/\/wpvip.ipsen.digital\/iniekcjawdomu\/wp-content\/uploads\/sites\/96\/2026\/02\/imgi_1_tumors-characteristic-1.png 719w, https:\/\/wpvip.ipsen.digital\/iniekcjawdomu\/wp-content\/uploads\/sites\/96\/2026\/02\/imgi_1_tumors-characteristic-1.png?resize=510,160 510w, https:\/\/wpvip.ipsen.digital\/iniekcjawdomu\/wp-content\/uploads\/sites\/96\/2026\/02\/imgi_1_tumors-characteristic-1.png?resize=330,103 330w\" sizes=\"auto, (max-width: 719px) 100vw, 719px\" style=\"width: 510px\" alt=\"\" decoding=\"async\" loading=\"lazy\" \/>\n<\/picture>\n            <\/div>\n    <\/figure>\n\n\n\n<figure class=\"aligncenter wp-block-ipsen-image\">\n    <div class=\"wp-block-ipsen-image__wrap\">\n        \n<picture>\n    <img src=\"https:\/\/wpvip.ipsen.digital\/iniekcjawdomu\/wp-content\/uploads\/sites\/96\/2026\/02\/imgi_1_tumors-characteristic-2.png?w=792\" width=\"792\" height=\"183\" srcset=\"https:\/\/wpvip.ipsen.digital\/iniekcjawdomu\/wp-content\/uploads\/sites\/96\/2026\/02\/imgi_1_tumors-characteristic-2.png 792w, https:\/\/wpvip.ipsen.digital\/iniekcjawdomu\/wp-content\/uploads\/sites\/96\/2026\/02\/imgi_1_tumors-characteristic-2.png?resize=510,118 510w, https:\/\/wpvip.ipsen.digital\/iniekcjawdomu\/wp-content\/uploads\/sites\/96\/2026\/02\/imgi_1_tumors-characteristic-2.png?resize=330,76 330w\" sizes=\"auto, (max-width: 792px) 100vw, 792px\" style=\"width: 510px\" alt=\"\" decoding=\"async\" loading=\"lazy\" \/>\n<\/picture>\n            <\/div>\n    <\/figure>\n\n\n\n<hr class=\"wp-block-separator has-text-color has-gray-color has-alpha-channel-opacity has-gray-background-color has-background\" style=\"margin-top:var(--wp--preset--spacing--base-x-4);margin-bottom:var(--wp--preset--spacing--base-x-4)\"\/>\n\n\n\n<h2 class=\"wp-block-heading has-text-align-center\">Chorzy z zespo\u0142em rakowiaka do\u015bwiadczaj\u0105<br>objaw\u00f3w, kt\u00f3re utrudniaj\u0105 \u017cycie<sup>3-5<\/sup><\/h2>\n\n\n\n<figure class=\"aligncenter wp-block-ipsen-image\">\n    <div class=\"wp-block-ipsen-image__wrap\">\n        \n<picture>\n    <img src=\"https:\/\/wpvip.ipsen.digital\/iniekcjawdomu\/wp-content\/uploads\/sites\/96\/2026\/02\/imgi_1_tumors-characteristic-3.png?w=946\" width=\"946\" height=\"560\" srcset=\"https:\/\/wpvip.ipsen.digital\/iniekcjawdomu\/wp-content\/uploads\/sites\/96\/2026\/02\/imgi_1_tumors-characteristic-3.png 946w, https:\/\/wpvip.ipsen.digital\/iniekcjawdomu\/wp-content\/uploads\/sites\/96\/2026\/02\/imgi_1_tumors-characteristic-3.png?resize=510,302 510w, https:\/\/wpvip.ipsen.digital\/iniekcjawdomu\/wp-content\/uploads\/sites\/96\/2026\/02\/imgi_1_tumors-characteristic-3.png?resize=330,195 330w\" sizes=\"auto, (max-width: 946px) 100vw, 946px\" style=\"width: 510px\" alt=\"\" decoding=\"async\" loading=\"lazy\" \/>\n<\/picture>\n            <\/div>\n    <\/figure>\n\n\n\n<div class=\"has-2-columns wp-block-ipsen-columns\">\n    \n\n<div class=\"wp-block-ipsen-wrapper\">\n    \n\n<h2 class=\"wp-block-heading\">Chorzy z zespo\u0142em rakowiaka maj\u0105 ni\u017csz\u0105 jako\u015b\u0107 \u017cycia<sup>4<\/sup><\/h2>\n\n\n\n<ul class=\"wp-block-list\">\n<li class=\"has-md-font-size\"><strong>35%<\/strong><br>chorych zmaga si\u0119 z&nbsp;cz\u0119st\u0105 biegunk\u0105<sup>7<\/sup><\/li>\n<\/ul>\n\n\n\n<ul class=\"wp-block-list\">\n<li><strong>38%<\/strong><br>pacjent\u00f3w cierpi na ci\u0119\u017ck\u0105 lub bardzo ci\u0119\u017ck\u0105 biegunk\u0119 utrudniaj\u0105c\u0105 codzienn\u0105 aktywno\u015b\u0107, je\u015bli nie otrzymuje leczenia<sup>8<\/sup><\/li>\n<\/ul>\n\n\n\n<ul class=\"wp-block-list\">\n<li><strong>14%<\/strong><br>os\u00f3b z biegunk\u0105 w przebiegu zespo\u0142u rakowiaka jest hospitalizowanych<sup>9<\/sup><\/li>\n<\/ul>\n\n<\/div>\n\n\n\n<div class=\"wp-block-ipsen-wrapper\">\n    \n\n<h2 class=\"wp-block-heading has-text-align-center\">Objawy maj\u0105 du\u017cy<br>wp\u0142yw na jako\u015b\u0107 \u017cycia<\/h2>\n\n\n\n<figure class=\"aligncenter wp-block-ipsen-image\">\n    <div class=\"wp-block-ipsen-image__wrap\">\n        \n<picture>\n    <img src=\"https:\/\/wpvip.ipsen.digital\/iniekcjawdomu\/wp-content\/uploads\/sites\/96\/2026\/02\/imgi_1_tumors-characteristic-4.png?w=288\" width=\"288\" height=\"279\" srcset=\"\" sizes=\"auto, (max-width: 288px) 100vw, 288px\" alt=\"\" decoding=\"async\" loading=\"lazy\" \/>\n<\/picture>\n            <\/div>\n    <\/figure>\n\n<\/div>\n\n<\/div>\n\n\n<section style=\"margin-top:var(--wp--preset--spacing--base-x-4);margin-bottom:var(--wp--preset--spacing--base-x-4);\" class=\"full-width alignfull is-style-primary wp-block-ipsen-section\">\n    <div class=\"wp-block-ipsen-section__content\">\n        \n\n<h2 class=\"wp-block-heading has-text-align-center\">Objawy zespo\u0142u rakowiaka maj\u0105 istotny wp\u0142yw na jako\u015b\u0107 \u017cycia.<br>Kontrolowanie objaw\u00f3w mo\u017ce poprawi\u0107 jako\u015b\u0107 \u017cycia chorych.<sup>3,4<\/sup><\/h2>\n\n    <\/div>\n<\/section>\n\n\n\n\n<div style=\"margin-bottom:var(--wp--preset--spacing--base-x-3);\" class=\"has-2-columns wp-block-ipsen-columns\">\n    \n\n<div class=\"wp-block-ipsen-wrapper\">\n    \n\n<figure class=\"alignright wp-block-ipsen-image\">\n    <div class=\"wp-block-ipsen-image__wrap\">\n        \n<picture>\n    <img src=\"https:\/\/wpvip.ipsen.digital\/iniekcjawdomu\/wp-content\/uploads\/sites\/96\/2026\/02\/imgi_1_icon-guidebook.png?w=73\" width=\"73\" height=\"101\" srcset=\"\" sizes=\"auto, (max-width: 73px) 100vw, 73px\" alt=\"\" decoding=\"async\" loading=\"lazy\" \/>\n<\/picture>\n            <\/div>\n    <\/figure>\n\n<\/div>\n\n\n\n<div class=\"wp-block-ipsen-wrapper\">\n    \n\n<h2 class=\"wp-block-heading\">Poradnik dla pacjenta<\/h2>\n\n\n\n<div class=\"wp-block-buttons is-layout-flex wp-block-buttons-is-layout-flex\">\n<div class=\"wp-block-button is-style-accent\"><a class=\"wp-block-button__link wp-element-button\" href=\"https:\/\/wpvip.ipsen.digital\/iniekcjawdomu\/wp-content\/uploads\/sites\/96\/2026\/03\/poradnik-dla-pacjenta-z-guzami-neuroendokrynnymi.pdf\" target=\"_blank\" rel=\"noreferrer noopener\">POBIERZ <svg xmlns=\"http:\/\/www.w3.org\/2000\/svg\" width=\"9\" height=\"16\" fill=\"none\" aria-hidden=\"true\"><path stroke=\"currentColor\" stroke-width=\"1.2\" d=\"m.426 15.125 7.35-7.35L.424.425\"\/><\/svg><\/a><\/div>\n<\/div>\n\n<\/div>\n\n<\/div>\n\n\n\n<p class=\"has-gray-color has-text-color has-link-color has-xs-font-size wp-elements-4084a50e3d8879818e35f163c713e1cd\">NET \u2013 nowotwory neuroendokrynne (ang. neuroendocrine tumours);<\/p>\n\n\n\n<p class=\"has-gray-color has-text-color has-link-color has-xs-font-size wp-elements-96f8b52804d8c3acd526d807d1b5b2bb\" style=\"margin-top:var(--wp--preset--spacing--base-one-third);margin-bottom:var(--wp--preset--spacing--base-one-third)\">SEER \u2013 ameryka\u0144ski program zbierania informacji statystycznych o chorobach nowotworowych (ang. Surveillance, Epidemiology, and End Results)<\/p>\n\n\n\n<p class=\"has-gray-color has-text-color has-link-color has-xs-font-size wp-elements-0abeb43357e590d5eaff3f1f3a013366\" style=\"margin-top:var(--wp--preset--spacing--base-x-2);margin-bottom:var(--wp--preset--spacing--base-one-third)\">Pi\u015bmiennictwo:<\/p>\n\n\n\n<p class=\"has-gray-color has-text-color has-link-color has-xs-font-size wp-elements-5526166619198ac26ea8a019c9e2345f\" style=\"margin-top:var(--wp--preset--spacing--base-one-third);margin-bottom:var(--wp--preset--spacing--base-one-third)\">1. Dasari A i wsp. JAMA Oncol 2017;3(10):1335\u20131342;<\/p>\n\n\n\n<p class=\"has-gray-color has-text-color has-link-color has-xs-font-size wp-elements-d9d784dc36e3aef8b9910446fd4679eb\" style=\"margin-top:var(--wp--preset--spacing--base-one-third);margin-bottom:var(--wp--preset--spacing--base-one-third)\">2. Halperin DM i wsp. Lancet Oncol 2017;18:525\u2013534;<\/p>\n\n\n\n<p class=\"has-gray-color has-text-color has-link-color has-xs-font-size wp-elements-8af43d88b6a55f10b2f17b30d414e18f\" style=\"margin-top:var(--wp--preset--spacing--base-one-third);margin-bottom:var(--wp--preset--spacing--base-one-third)\">3. Huynh L et al. Plakat PCN190 przedstawiony podczas konferencji ISPOR 22nd Annual International Meeting, Boston, MA, USA, 20\u201324 maja, 2017;<\/p>\n\n\n\n<p class=\"has-gray-color has-text-color has-link-color has-xs-font-size wp-elements-49d03352773f10ab72ac25c2638f03f1\" style=\"margin-top:var(--wp--preset--spacing--base-one-third);margin-bottom:var(--wp--preset--spacing--base-one-third)\">4. Beaumont JL i wsp. Pancreas 2012;41(3):461\u2013466;<\/p>\n\n\n\n<p class=\"has-gray-color has-text-color has-link-color has-xs-font-size wp-elements-3a46ed87afe218d4bb7368580fe8d4f4\" style=\"margin-top:var(--wp--preset--spacing--base-one-third);margin-bottom:var(--wp--preset--spacing--base-one-third)\">5. Davar J i wsp. J Am Coll Cardiol 2017;69:1288\u20131304;<\/p>\n\n\n\n<p class=\"has-gray-color has-text-color has-link-color has-xs-font-size wp-elements-d77e4054c9692cf674e5e364dfc30a21\" style=\"margin-top:var(--wp--preset--spacing--base-one-third);margin-bottom:var(--wp--preset--spacing--base-one-third)\">6. Mota JM i wsp. Ecancermedicalscience 2016;10:662;<\/p>\n\n\n\n<p class=\"has-gray-color has-text-color has-link-color has-xs-font-size wp-elements-54e6d3a0f60218d2b5835fa213f4e810\" style=\"margin-top:var(--wp--preset--spacing--base-one-third);margin-bottom:var(--wp--preset--spacing--base-one-third)\">7. Goldstein G i wsp. Plakat B6 zaprezentowany podczas wydarzenia ASCO Quality Care Symposium, Orlando, FL, USA, 3\u20134 marca, 2017;<\/p>\n\n\n\n<p class=\"has-gray-color has-text-color has-link-color has-xs-font-size wp-elements-a6e04d76434a66d2ffd3415cc66483af\" style=\"margin-top:var(--wp--preset--spacing--base-one-third);margin-bottom:var(--wp--preset--spacing--base-one-third)\">8. Ruszniewski P i wsp. Dig Liver Dis 2016;48(5):552\u2013558;<\/p>\n\n\n\n<p class=\"has-gray-color has-text-color has-link-color has-xs-font-size wp-elements-3ddd083a65cc489fa6242ff5040d7eea\" style=\"margin-top:var(--wp--preset--spacing--base-one-third);margin-bottom:var(--wp--preset--spacing--base-x-4)\">9. Broder MS i wsp. World J Gastroenterol 2016;22(6):2118\u20132125.<\/p>\n","protected":false},"excerpt":{"rendered":"<p>Czy wiesz, \u017ce zachorowalno\u015b\u0107 na nowotworyneuroendokrynne stale ro\u015bnie? Nowotwory neuroendokrynne nale\u017c\u0105 do grupy stosunkowo rzadkich i bardzo zr\u00f3\u017cnicowanychnowotwor\u00f3w, z bardzo dynamicznym prawie 7-krotnym wzrostem zachorowa\u0144 w ostatnimtrzydziestoleciu. Obecnie uwa\u017ca si\u0119, \u017ce wszystkie nowotwory neuroendokrynne uk\u0142adupokarmowego stanowi\u0105 drugi, co do cz\u0119sto\u015bci wyst\u0119powania nowotw\u00f3r po raku jelita grubego.1 Zesp\u00f3\u0142 rakowiaka w nowotworach neuroendokrynnych Zachorowalno\u015b\u0107 na nowotwory neuroendokrynne [&hellip;]<\/p>\n","protected":false},"author":35,"featured_media":0,"parent":0,"menu_order":0,"comment_status":"closed","ping_status":"closed","template":"template-no-title","meta":{"_user_content_segmentation__post_segment_selection":[],"ipsen-approval-number":"","ipsen-post-related":[],"ipsen-off-label-enabled":false,"ipsen-off-label-message":"","editor_notices":[],"_ifac_restricted":false,"footnotes":""},"ipsen-author":[],"class_list":["post-21","page","type-page","status-publish","hentry"],"yoast_head":"<!-- This site is optimized with the Yoast SEO plugin v26.9 - https:\/\/yoast.com\/product\/yoast-seo-wordpress\/ -->\n<title>Nowotwory neuroendokrynne - Iniekcja W DOMU<\/title>\n<meta name=\"robots\" content=\"index, follow, max-snippet:-1, max-image-preview:large, max-video-preview:-1\" \/>\n<link rel=\"canonical\" href=\"https:\/\/wpvip.ipsen.digital\/iniekcjawdomu\/o-nowotworach-neuroendokrynnych\/\" \/>\n<meta property=\"og:locale\" content=\"en_US\" \/>\n<meta property=\"og:type\" content=\"article\" \/>\n<meta property=\"og:title\" content=\"Nowotwory neuroendokrynne - Iniekcja W DOMU\" \/>\n<meta property=\"og:description\" content=\"Czy wiesz, \u017ce zachorowalno\u015b\u0107 na nowotworyneuroendokrynne stale ro\u015bnie? Nowotwory neuroendokrynne nale\u017c\u0105 do grupy stosunkowo rzadkich i bardzo zr\u00f3\u017cnicowanychnowotwor\u00f3w, z bardzo dynamicznym prawie 7-krotnym wzrostem zachorowa\u0144 w ostatnimtrzydziestoleciu. Obecnie uwa\u017ca si\u0119, \u017ce wszystkie nowotwory neuroendokrynne uk\u0142adupokarmowego stanowi\u0105 drugi, co do cz\u0119sto\u015bci wyst\u0119powania nowotw\u00f3r po raku jelita grubego.1 Zesp\u00f3\u0142 rakowiaka w nowotworach neuroendokrynnych Zachorowalno\u015b\u0107 na nowotwory neuroendokrynne [&hellip;]\" \/>\n<meta property=\"og:url\" content=\"https:\/\/wpvip.ipsen.digital\/iniekcjawdomu\/o-nowotworach-neuroendokrynnych\/\" \/>\n<meta property=\"og:site_name\" content=\"Iniekcja W DOMU\" \/>\n<meta property=\"article:modified_time\" content=\"2026-03-05T05:54:11+00:00\" \/>\n<meta name=\"twitter:card\" content=\"summary_large_image\" \/>\n<meta name=\"twitter:label1\" content=\"Est. reading time\" \/>\n\t<meta name=\"twitter:data1\" content=\"2 minutes\" \/>\n<script type=\"application\/ld+json\" class=\"yoast-schema-graph\">{\"@context\":\"https:\/\/schema.org\",\"@graph\":[{\"@type\":\"WebPage\",\"@id\":\"https:\/\/wpvip.ipsen.digital\/iniekcjawdomu\/o-nowotworach-neuroendokrynnych\/\",\"url\":\"https:\/\/wpvip.ipsen.digital\/iniekcjawdomu\/o-nowotworach-neuroendokrynnych\/\",\"name\":\"Nowotwory neuroendokrynne - Iniekcja W DOMU\",\"isPartOf\":{\"@id\":\"https:\/\/wpvip.ipsen.digital\/iniekcjawdomu\/#website\"},\"datePublished\":\"2026-02-27T07:56:36+00:00\",\"dateModified\":\"2026-03-05T05:54:11+00:00\",\"breadcrumb\":{\"@id\":\"https:\/\/wpvip.ipsen.digital\/iniekcjawdomu\/o-nowotworach-neuroendokrynnych\/#breadcrumb\"},\"inLanguage\":\"en-US\",\"potentialAction\":[{\"@type\":\"ReadAction\",\"target\":[\"https:\/\/wpvip.ipsen.digital\/iniekcjawdomu\/o-nowotworach-neuroendokrynnych\/\"]}]},{\"@type\":\"BreadcrumbList\",\"@id\":\"https:\/\/wpvip.ipsen.digital\/iniekcjawdomu\/o-nowotworach-neuroendokrynnych\/#breadcrumb\",\"itemListElement\":[{\"@type\":\"ListItem\",\"position\":1,\"name\":\"Home\",\"item\":\"https:\/\/wpvip.ipsen.digital\/iniekcjawdomu\/\"},{\"@type\":\"ListItem\",\"position\":2,\"name\":\"Nowotwory neuroendokrynne\"}]},{\"@type\":\"WebSite\",\"@id\":\"https:\/\/wpvip.ipsen.digital\/iniekcjawdomu\/#website\",\"url\":\"https:\/\/wpvip.ipsen.digital\/iniekcjawdomu\/\",\"name\":\"Iniekcja W DOMU\",\"description\":\"\",\"publisher\":{\"@id\":\"https:\/\/wpvip.ipsen.digital\/iniekcjawdomu\/#organization\"},\"potentialAction\":[{\"@type\":\"SearchAction\",\"target\":{\"@type\":\"EntryPoint\",\"urlTemplate\":\"https:\/\/wpvip.ipsen.digital\/iniekcjawdomu\/?s={search_term_string}\"},\"query-input\":{\"@type\":\"PropertyValueSpecification\",\"valueRequired\":true,\"valueName\":\"search_term_string\"}}],\"inLanguage\":\"en-US\"},{\"@type\":\"Organization\",\"@id\":\"https:\/\/wpvip.ipsen.digital\/iniekcjawdomu\/#organization\",\"name\":\"Iniekcja W DOMU\",\"url\":\"https:\/\/wpvip.ipsen.digital\/iniekcjawdomu\/\",\"logo\":{\"@type\":\"ImageObject\",\"inLanguage\":\"en-US\",\"@id\":\"https:\/\/wpvip.ipsen.digital\/iniekcjawdomu\/#\/schema\/logo\/image\/\",\"url\":\"https:\/\/wpvip.ipsen.digital\/iniekcjawdomu\/wp-content\/uploads\/sites\/96\/2026\/02\/imgi_1_logo-iniekcja-w-domu.png\",\"contentUrl\":\"https:\/\/wpvip.ipsen.digital\/iniekcjawdomu\/wp-content\/uploads\/sites\/96\/2026\/02\/imgi_1_logo-iniekcja-w-domu.png\",\"width\":274,\"height\":125,\"caption\":\"Iniekcja W DOMU\"},\"image\":{\"@id\":\"https:\/\/wpvip.ipsen.digital\/iniekcjawdomu\/#\/schema\/logo\/image\/\"}}]}<\/script>\n<!-- \/ Yoast SEO plugin. -->","yoast_head_json":{"title":"Nowotwory neuroendokrynne - Iniekcja W DOMU","robots":{"index":"index","follow":"follow","max-snippet":"max-snippet:-1","max-image-preview":"max-image-preview:large","max-video-preview":"max-video-preview:-1"},"canonical":"https:\/\/wpvip.ipsen.digital\/iniekcjawdomu\/o-nowotworach-neuroendokrynnych\/","og_locale":"en_US","og_type":"article","og_title":"Nowotwory neuroendokrynne - Iniekcja W DOMU","og_description":"Czy wiesz, \u017ce zachorowalno\u015b\u0107 na nowotworyneuroendokrynne stale ro\u015bnie? Nowotwory neuroendokrynne nale\u017c\u0105 do grupy stosunkowo rzadkich i bardzo zr\u00f3\u017cnicowanychnowotwor\u00f3w, z bardzo dynamicznym prawie 7-krotnym wzrostem zachorowa\u0144 w ostatnimtrzydziestoleciu. Obecnie uwa\u017ca si\u0119, \u017ce wszystkie nowotwory neuroendokrynne uk\u0142adupokarmowego stanowi\u0105 drugi, co do cz\u0119sto\u015bci wyst\u0119powania nowotw\u00f3r po raku jelita grubego.1 Zesp\u00f3\u0142 rakowiaka w nowotworach neuroendokrynnych Zachorowalno\u015b\u0107 na nowotwory neuroendokrynne [&hellip;]","og_url":"https:\/\/wpvip.ipsen.digital\/iniekcjawdomu\/o-nowotworach-neuroendokrynnych\/","og_site_name":"Iniekcja W DOMU","article_modified_time":"2026-03-05T05:54:11+00:00","twitter_card":"summary_large_image","twitter_misc":{"Est. reading time":"2 minutes"},"schema":{"@context":"https:\/\/schema.org","@graph":[{"@type":"WebPage","@id":"https:\/\/wpvip.ipsen.digital\/iniekcjawdomu\/o-nowotworach-neuroendokrynnych\/","url":"https:\/\/wpvip.ipsen.digital\/iniekcjawdomu\/o-nowotworach-neuroendokrynnych\/","name":"Nowotwory neuroendokrynne - Iniekcja W DOMU","isPartOf":{"@id":"https:\/\/wpvip.ipsen.digital\/iniekcjawdomu\/#website"},"datePublished":"2026-02-27T07:56:36+00:00","dateModified":"2026-03-05T05:54:11+00:00","breadcrumb":{"@id":"https:\/\/wpvip.ipsen.digital\/iniekcjawdomu\/o-nowotworach-neuroendokrynnych\/#breadcrumb"},"inLanguage":"en-US","potentialAction":[{"@type":"ReadAction","target":["https:\/\/wpvip.ipsen.digital\/iniekcjawdomu\/o-nowotworach-neuroendokrynnych\/"]}]},{"@type":"BreadcrumbList","@id":"https:\/\/wpvip.ipsen.digital\/iniekcjawdomu\/o-nowotworach-neuroendokrynnych\/#breadcrumb","itemListElement":[{"@type":"ListItem","position":1,"name":"Home","item":"https:\/\/wpvip.ipsen.digital\/iniekcjawdomu\/"},{"@type":"ListItem","position":2,"name":"Nowotwory neuroendokrynne"}]},{"@type":"WebSite","@id":"https:\/\/wpvip.ipsen.digital\/iniekcjawdomu\/#website","url":"https:\/\/wpvip.ipsen.digital\/iniekcjawdomu\/","name":"Iniekcja W DOMU","description":"","publisher":{"@id":"https:\/\/wpvip.ipsen.digital\/iniekcjawdomu\/#organization"},"potentialAction":[{"@type":"SearchAction","target":{"@type":"EntryPoint","urlTemplate":"https:\/\/wpvip.ipsen.digital\/iniekcjawdomu\/?s={search_term_string}"},"query-input":{"@type":"PropertyValueSpecification","valueRequired":true,"valueName":"search_term_string"}}],"inLanguage":"en-US"},{"@type":"Organization","@id":"https:\/\/wpvip.ipsen.digital\/iniekcjawdomu\/#organization","name":"Iniekcja W DOMU","url":"https:\/\/wpvip.ipsen.digital\/iniekcjawdomu\/","logo":{"@type":"ImageObject","inLanguage":"en-US","@id":"https:\/\/wpvip.ipsen.digital\/iniekcjawdomu\/#\/schema\/logo\/image\/","url":"https:\/\/wpvip.ipsen.digital\/iniekcjawdomu\/wp-content\/uploads\/sites\/96\/2026\/02\/imgi_1_logo-iniekcja-w-domu.png","contentUrl":"https:\/\/wpvip.ipsen.digital\/iniekcjawdomu\/wp-content\/uploads\/sites\/96\/2026\/02\/imgi_1_logo-iniekcja-w-domu.png","width":274,"height":125,"caption":"Iniekcja W DOMU"},"image":{"@id":"https:\/\/wpvip.ipsen.digital\/iniekcjawdomu\/#\/schema\/logo\/image\/"}}]}},"_links":{"self":[{"href":"https:\/\/wpvip.ipsen.digital\/iniekcjawdomu\/wp-json\/wp\/v2\/pages\/21","targetHints":{"allow":["GET"]}}],"collection":[{"href":"https:\/\/wpvip.ipsen.digital\/iniekcjawdomu\/wp-json\/wp\/v2\/pages"}],"about":[{"href":"https:\/\/wpvip.ipsen.digital\/iniekcjawdomu\/wp-json\/wp\/v2\/types\/page"}],"author":[{"embeddable":true,"href":"https:\/\/wpvip.ipsen.digital\/iniekcjawdomu\/wp-json\/wp\/v2\/users\/35"}],"replies":[{"embeddable":true,"href":"https:\/\/wpvip.ipsen.digital\/iniekcjawdomu\/wp-json\/wp\/v2\/comments?post=21"}],"version-history":[{"count":17,"href":"https:\/\/wpvip.ipsen.digital\/iniekcjawdomu\/wp-json\/wp\/v2\/pages\/21\/revisions"}],"predecessor-version":[{"id":127,"href":"https:\/\/wpvip.ipsen.digital\/iniekcjawdomu\/wp-json\/wp\/v2\/pages\/21\/revisions\/127"}],"wp:attachment":[{"href":"https:\/\/wpvip.ipsen.digital\/iniekcjawdomu\/wp-json\/wp\/v2\/media?parent=21"}],"wp:term":[{"taxonomy":"ipsen-author","embeddable":true,"href":"https:\/\/wpvip.ipsen.digital\/iniekcjawdomu\/wp-json\/wp\/v2\/ipsen-author?post=21"}],"curies":[{"name":"wp","href":"https:\/\/api.w.org\/{rel}","templated":true}]}}