{"id":4,"date":"2026-02-27T05:26:42","date_gmt":"2026-02-27T05:26:42","guid":{"rendered":"https:\/\/wpvip.ipsen.digital\/iniekcjawdomu\/?page_id=4"},"modified":"2026-03-03T11:14:31","modified_gmt":"2026-03-03T11:14:31","slug":"home","status":"publish","type":"page","link":"https:\/\/wpvip.ipsen.digital\/iniekcjawdomu\/","title":{"rendered":"Home"},"content":{"rendered":"\n<div style=\"padding-top:var(--wp--preset--spacing--base-x-4);\" class=\"has-2-columns wp-block-ipsen-columns\">\n    \n\n<div style=\"padding-top:var(--wp--preset--spacing--base-two-thirds);padding-bottom:var(--wp--preset--spacing--base-two-thirds);margin-top:var(--wp--preset--spacing--base);margin-bottom:var(--wp--preset--spacing--base);\" class=\"wp-block-ipsen-wrapper\">\n    \n\n<h2 class=\"wp-block-heading\">Dlaczego warto korzysta\u0107 z&nbsp;iniekcji w&nbsp;domu?<\/h2>\n\n\n\n<p>Zobacz kr\u00f3tki film i poznaj zalety stosowania iniekcji w&nbsp;domu.<\/p>\n\n\n\n<div class=\"wp-block-buttons is-layout-flex wp-block-buttons-is-layout-flex\">\n<div class=\"wp-block-button\"><a class=\"wp-block-button__link wp-element-button\" href=\"https:\/\/wpvip.ipsen.digital\/iniekcjawdomu\/iniekcja-dlaczego-warto\/\">ZOBACZ WIDEO <svg xmlns=\"http:\/\/www.w3.org\/2000\/svg\" width=\"9\" height=\"16\" fill=\"none\" aria-hidden=\"true\"><path stroke=\"currentColor\" stroke-width=\"1.2\" d=\"m.426 15.125 7.35-7.35L.424.425\"\/><\/svg><\/a><\/div>\n<\/div>\n\n<\/div>\n\n\n\n<div class=\"wp-block-ipsen-wrapper\">\n    \n\n<figure class=\"wp-block-ipsen-image\">\n    <div class=\"wp-block-ipsen-image__wrap\">\n        \n<picture>\n    <img src=\"https:\/\/wpvip.ipsen.digital\/iniekcjawdomu\/wp-content\/uploads\/sites\/96\/2026\/02\/imgi_1_people-hugging.jpg?w=597\" width=\"597\" height=\"322\" srcset=\"https:\/\/wpvip.ipsen.digital\/iniekcjawdomu\/wp-content\/uploads\/sites\/96\/2026\/02\/imgi_1_people-hugging.jpg 597w, https:\/\/wpvip.ipsen.digital\/iniekcjawdomu\/wp-content\/uploads\/sites\/96\/2026\/02\/imgi_1_people-hugging.jpg?resize=510,275 510w, https:\/\/wpvip.ipsen.digital\/iniekcjawdomu\/wp-content\/uploads\/sites\/96\/2026\/02\/imgi_1_people-hugging.jpg?resize=330,178 330w\" sizes=\"auto, (max-width: 597px) 100vw, 597px\" alt=\"\" decoding=\"async\" loading=\"lazy\" \/>\n<\/picture>\n            <\/div>\n    <\/figure>\n\n<\/div>\n\n<\/div>\n\n\n\n<div style=\"padding-bottom:var(--wp--preset--spacing--base-x-3);\" class=\"has-2-columns wp-block-ipsen-columns\">\n    \n\n<div class=\"wp-block-ipsen-wrapper\">\n    \n\n<figure class=\"wp-block-ipsen-image\">\n    <div class=\"wp-block-ipsen-image__wrap\">\n        \n<picture>\n    <img src=\"https:\/\/wpvip.ipsen.digital\/iniekcjawdomu\/wp-content\/uploads\/sites\/96\/2026\/02\/imgi_1_woman-reading.jpg?w=597\" width=\"597\" height=\"323\" srcset=\"https:\/\/wpvip.ipsen.digital\/iniekcjawdomu\/wp-content\/uploads\/sites\/96\/2026\/02\/imgi_1_woman-reading.jpg 597w, https:\/\/wpvip.ipsen.digital\/iniekcjawdomu\/wp-content\/uploads\/sites\/96\/2026\/02\/imgi_1_woman-reading.jpg?resize=510,276 510w, https:\/\/wpvip.ipsen.digital\/iniekcjawdomu\/wp-content\/uploads\/sites\/96\/2026\/02\/imgi_1_woman-reading.jpg?resize=330,179 330w\" sizes=\"auto, (max-width: 597px) 100vw, 597px\" alt=\"\" decoding=\"async\" loading=\"lazy\" \/>\n<\/picture>\n            <\/div>\n    <\/figure>\n\n<\/div>\n\n\n\n<div style=\"padding-top:var(--wp--preset--spacing--base-two-thirds);padding-bottom:var(--wp--preset--spacing--base-two-thirds);margin-top:var(--wp--preset--spacing--base);margin-bottom:var(--wp--preset--spacing--base);\" class=\"wp-block-ipsen-wrapper\">\n    \n\n<h2 class=\"wp-block-heading\">Jak prawid\u0142owo wykona\u0107 iniekcj\u0119&nbsp;w&nbsp;domu?<\/h2>\n\n\n\n<p>Zobacz kr\u00f3tki film instrukta\u017cowy i&nbsp;przekonaj&nbsp;si\u0119&nbsp;jakie to proste.<\/p>\n\n\n\n<div class=\"wp-block-buttons is-layout-flex wp-block-buttons-is-layout-flex\">\n<div class=\"wp-block-button\"><a class=\"wp-block-button__link wp-element-button\" href=\"https:\/\/wpvip.ipsen.digital\/iniekcjawdomu\/instrukcja-stosowania\/\">ZOBACZ WIDEO <svg xmlns=\"http:\/\/www.w3.org\/2000\/svg\" width=\"9\" height=\"16\" fill=\"none\" aria-hidden=\"true\"><path stroke=\"currentColor\" stroke-width=\"1.2\" d=\"m.426 15.125 7.35-7.35L.424.425\"\/><\/svg><\/a><\/div>\n<\/div>\n\n<\/div>\n\n<\/div>\n","protected":false},"excerpt":{"rendered":"","protected":false},"author":35,"featured_media":0,"parent":0,"menu_order":0,"comment_status":"closed","ping_status":"closed","template":"template-no-title","meta":{"_user_content_segmentation__post_segment_selection":[],"ipsen-approval-number":"","ipsen-post-related":[],"ipsen-off-label-enabled":false,"ipsen-off-label-message":"","editor_notices":[],"_ifac_restricted":false,"footnotes":""},"ipsen-author":[],"class_list":["post-4","page","type-page","status-publish","hentry"],"yoast_head":"<!-- This site is optimized with the Yoast SEO plugin v26.9 - https:\/\/yoast.com\/product\/yoast-seo-wordpress\/ -->\n<title>Home - Iniekcja W DOMU<\/title>\n<meta name=\"robots\" content=\"index, follow, max-snippet:-1, max-image-preview:large, max-video-preview:-1\" \/>\n<link rel=\"canonical\" href=\"https:\/\/wpvip.ipsen.digital\/iniekcjawdomu\/\" \/>\n<meta property=\"og:locale\" content=\"en_US\" \/>\n<meta property=\"og:type\" content=\"article\" \/>\n<meta property=\"og:title\" content=\"Home - Iniekcja W DOMU\" \/>\n<meta property=\"og:url\" content=\"https:\/\/wpvip.ipsen.digital\/iniekcjawdomu\/\" \/>\n<meta property=\"og:site_name\" content=\"Iniekcja W DOMU\" \/>\n<meta property=\"article:modified_time\" content=\"2026-03-03T11:14:31+00:00\" \/>\n<meta name=\"twitter:card\" content=\"summary_large_image\" \/>\n<meta name=\"twitter:label1\" content=\"Est. reading time\" \/>\n\t<meta name=\"twitter:data1\" content=\"1 minute\" \/>\n<script type=\"application\/ld+json\" class=\"yoast-schema-graph\">{\"@context\":\"https:\/\/schema.org\",\"@graph\":[{\"@type\":\"WebPage\",\"@id\":\"https:\/\/wpvip.ipsen.digital\/iniekcjawdomu\/\",\"url\":\"https:\/\/wpvip.ipsen.digital\/iniekcjawdomu\/\",\"name\":\"Home - Iniekcja W DOMU\",\"isPartOf\":{\"@id\":\"https:\/\/wpvip.ipsen.digital\/iniekcjawdomu\/#website\"},\"datePublished\":\"2026-02-27T05:26:42+00:00\",\"dateModified\":\"2026-03-03T11:14:31+00:00\",\"breadcrumb\":{\"@id\":\"https:\/\/wpvip.ipsen.digital\/iniekcjawdomu\/#breadcrumb\"},\"inLanguage\":\"en-US\",\"potentialAction\":[{\"@type\":\"ReadAction\",\"target\":[\"https:\/\/wpvip.ipsen.digital\/iniekcjawdomu\/\"]}]},{\"@type\":\"BreadcrumbList\",\"@id\":\"https:\/\/wpvip.ipsen.digital\/iniekcjawdomu\/#breadcrumb\",\"itemListElement\":[{\"@type\":\"ListItem\",\"position\":1,\"name\":\"Home\",\"item\":\"https:\/\/wpvip.ipsen.digital\/iniekcjawdomu\/\"},{\"@type\":\"ListItem\",\"position\":2,\"name\":\"Home\"}]},{\"@type\":\"WebSite\",\"@id\":\"https:\/\/wpvip.ipsen.digital\/iniekcjawdomu\/#website\",\"url\":\"https:\/\/wpvip.ipsen.digital\/iniekcjawdomu\/\",\"name\":\"Iniekcja W DOMU\",\"description\":\"\",\"publisher\":{\"@id\":\"https:\/\/wpvip.ipsen.digital\/iniekcjawdomu\/#organization\"},\"potentialAction\":[{\"@type\":\"SearchAction\",\"target\":{\"@type\":\"EntryPoint\",\"urlTemplate\":\"https:\/\/wpvip.ipsen.digital\/iniekcjawdomu\/?s={search_term_string}\"},\"query-input\":{\"@type\":\"PropertyValueSpecification\",\"valueRequired\":true,\"valueName\":\"search_term_string\"}}],\"inLanguage\":\"en-US\"},{\"@type\":\"Organization\",\"@id\":\"https:\/\/wpvip.ipsen.digital\/iniekcjawdomu\/#organization\",\"name\":\"Iniekcja W DOMU\",\"url\":\"https:\/\/wpvip.ipsen.digital\/iniekcjawdomu\/\",\"logo\":{\"@type\":\"ImageObject\",\"inLanguage\":\"en-US\",\"@id\":\"https:\/\/wpvip.ipsen.digital\/iniekcjawdomu\/#\/schema\/logo\/image\/\",\"url\":\"https:\/\/wpvip.ipsen.digital\/iniekcjawdomu\/wp-content\/uploads\/sites\/96\/2026\/02\/imgi_1_logo-iniekcja-w-domu.png\",\"contentUrl\":\"https:\/\/wpvip.ipsen.digital\/iniekcjawdomu\/wp-content\/uploads\/sites\/96\/2026\/02\/imgi_1_logo-iniekcja-w-domu.png\",\"width\":274,\"height\":125,\"caption\":\"Iniekcja W DOMU\"},\"image\":{\"@id\":\"https:\/\/wpvip.ipsen.digital\/iniekcjawdomu\/#\/schema\/logo\/image\/\"}}]}<\/script>\n<!-- \/ Yoast SEO plugin. -->","yoast_head_json":{"title":"Home - Iniekcja W DOMU","robots":{"index":"index","follow":"follow","max-snippet":"max-snippet:-1","max-image-preview":"max-image-preview:large","max-video-preview":"max-video-preview:-1"},"canonical":"https:\/\/wpvip.ipsen.digital\/iniekcjawdomu\/","og_locale":"en_US","og_type":"article","og_title":"Home - Iniekcja W DOMU","og_url":"https:\/\/wpvip.ipsen.digital\/iniekcjawdomu\/","og_site_name":"Iniekcja W DOMU","article_modified_time":"2026-03-03T11:14:31+00:00","twitter_card":"summary_large_image","twitter_misc":{"Est. reading time":"1 minute"},"schema":{"@context":"https:\/\/schema.org","@graph":[{"@type":"WebPage","@id":"https:\/\/wpvip.ipsen.digital\/iniekcjawdomu\/","url":"https:\/\/wpvip.ipsen.digital\/iniekcjawdomu\/","name":"Home - Iniekcja W DOMU","isPartOf":{"@id":"https:\/\/wpvip.ipsen.digital\/iniekcjawdomu\/#website"},"datePublished":"2026-02-27T05:26:42+00:00","dateModified":"2026-03-03T11:14:31+00:00","breadcrumb":{"@id":"https:\/\/wpvip.ipsen.digital\/iniekcjawdomu\/#breadcrumb"},"inLanguage":"en-US","potentialAction":[{"@type":"ReadAction","target":["https:\/\/wpvip.ipsen.digital\/iniekcjawdomu\/"]}]},{"@type":"BreadcrumbList","@id":"https:\/\/wpvip.ipsen.digital\/iniekcjawdomu\/#breadcrumb","itemListElement":[{"@type":"ListItem","position":1,"name":"Home","item":"https:\/\/wpvip.ipsen.digital\/iniekcjawdomu\/"},{"@type":"ListItem","position":2,"name":"Home"}]},{"@type":"WebSite","@id":"https:\/\/wpvip.ipsen.digital\/iniekcjawdomu\/#website","url":"https:\/\/wpvip.ipsen.digital\/iniekcjawdomu\/","name":"Iniekcja W DOMU","description":"","publisher":{"@id":"https:\/\/wpvip.ipsen.digital\/iniekcjawdomu\/#organization"},"potentialAction":[{"@type":"SearchAction","target":{"@type":"EntryPoint","urlTemplate":"https:\/\/wpvip.ipsen.digital\/iniekcjawdomu\/?s={search_term_string}"},"query-input":{"@type":"PropertyValueSpecification","valueRequired":true,"valueName":"search_term_string"}}],"inLanguage":"en-US"},{"@type":"Organization","@id":"https:\/\/wpvip.ipsen.digital\/iniekcjawdomu\/#organization","name":"Iniekcja W DOMU","url":"https:\/\/wpvip.ipsen.digital\/iniekcjawdomu\/","logo":{"@type":"ImageObject","inLanguage":"en-US","@id":"https:\/\/wpvip.ipsen.digital\/iniekcjawdomu\/#\/schema\/logo\/image\/","url":"https:\/\/wpvip.ipsen.digital\/iniekcjawdomu\/wp-content\/uploads\/sites\/96\/2026\/02\/imgi_1_logo-iniekcja-w-domu.png","contentUrl":"https:\/\/wpvip.ipsen.digital\/iniekcjawdomu\/wp-content\/uploads\/sites\/96\/2026\/02\/imgi_1_logo-iniekcja-w-domu.png","width":274,"height":125,"caption":"Iniekcja W DOMU"},"image":{"@id":"https:\/\/wpvip.ipsen.digital\/iniekcjawdomu\/#\/schema\/logo\/image\/"}}]}},"_links":{"self":[{"href":"https:\/\/wpvip.ipsen.digital\/iniekcjawdomu\/wp-json\/wp\/v2\/pages\/4","targetHints":{"allow":["GET"]}}],"collection":[{"href":"https:\/\/wpvip.ipsen.digital\/iniekcjawdomu\/wp-json\/wp\/v2\/pages"}],"about":[{"href":"https:\/\/wpvip.ipsen.digital\/iniekcjawdomu\/wp-json\/wp\/v2\/types\/page"}],"author":[{"embeddable":true,"href":"https:\/\/wpvip.ipsen.digital\/iniekcjawdomu\/wp-json\/wp\/v2\/users\/35"}],"replies":[{"embeddable":true,"href":"https:\/\/wpvip.ipsen.digital\/iniekcjawdomu\/wp-json\/wp\/v2\/comments?post=4"}],"version-history":[{"count":12,"href":"https:\/\/wpvip.ipsen.digital\/iniekcjawdomu\/wp-json\/wp\/v2\/pages\/4\/revisions"}],"predecessor-version":[{"id":84,"href":"https:\/\/wpvip.ipsen.digital\/iniekcjawdomu\/wp-json\/wp\/v2\/pages\/4\/revisions\/84"}],"wp:attachment":[{"href":"https:\/\/wpvip.ipsen.digital\/iniekcjawdomu\/wp-json\/wp\/v2\/media?parent=4"}],"wp:term":[{"taxonomy":"ipsen-author","embeddable":true,"href":"https:\/\/wpvip.ipsen.digital\/iniekcjawdomu\/wp-json\/wp\/v2\/ipsen-author?post=4"}],"curies":[{"name":"wp","href":"https:\/\/api.w.org\/{rel}","templated":true}]}}