{"id":47,"date":"2026-02-27T11:01:47","date_gmt":"2026-02-27T11:01:47","guid":{"rendered":"https:\/\/wpvip.ipsen.digital\/iniekcjawdomu\/?page_id=47"},"modified":"2026-03-05T05:59:57","modified_gmt":"2026-03-05T05:59:57","slug":"materialy-dla-pacjenta","status":"publish","type":"page","link":"https:\/\/wpvip.ipsen.digital\/iniekcjawdomu\/materialy-dla-pacjenta\/","title":{"rendered":"Materia\u0142y dla pacjenta"},"content":{"rendered":"\n<section class=\"alignfull wp-block-ipsen-hero-v2\">\n            <img\n                class=\"wp-block-ipsen-hero-v2__image\"\n                src=\"https:\/\/wpvip.ipsen.digital\/iniekcjawdomu\/wp-content\/uploads\/sites\/96\/2026\/02\/imgi_15_hero-patient-materials.jpg\"\n                width=\"1920\"\n                height=\"226\"\n                fetchpriority=\"high\"\n                decoding=\"async\"\n                alt=\"\"\n        \/>\n            <div class=\"wp-block-ipsen-hero-v2__content\">\n        <div class=\"wp-block-ipsen-hero-v2__content-inner\">\n            \n\n<div class=\"has-2-columns wp-block-ipsen-columns\">\n    \n\n<div class=\"wp-block-ipsen-wrapper\">\n    \n\n<h1 class=\"wp-block-heading has-white-color has-text-color has-link-color wp-elements-0392ed27832f232a4ae7aa2a1936ecc9\">Materia\u0142y dla pacjenta<\/h1>\n\n<\/div>\n\n\n\n<div class=\"wp-block-ipsen-wrapper\">\n    <\/div>\n\n<\/div>\n\n        <\/div>\n    <\/div>\n<\/section>\n\n\n\n<h2 class=\"wp-block-heading\" style=\"margin-top:var(--wp--preset--spacing--base-x-3)\">Materia\u0142y do pobrania<\/h2>\n\n\n\n<div style=\"padding-bottom:var(--wp--preset--spacing--base-x-4);\" class=\"has-4-columns wp-block-ipsen-columns\">\n    \n\n<div class=\"wp-block-ipsen-wrapper\">\n    \n\n<figure class=\"wp-block-ipsen-image\">\n    <div class=\"wp-block-ipsen-image__wrap\">\n        \n<picture>\n    <img src=\"https:\/\/wpvip.ipsen.digital\/iniekcjawdomu\/wp-content\/uploads\/sites\/96\/2026\/02\/imgi_1_1.png?w=276\" width=\"276\" height=\"192\" srcset=\"\" sizes=\"auto, (max-width: 276px) 100vw, 276px\" alt=\"\" decoding=\"async\" loading=\"lazy\" \/>\n<\/picture>\n            <\/div>\n    <\/figure>\n\n\n\n<h3 class=\"wp-block-heading has-text-align-center has-md-font-size\">Instrukcja<br>stosowania<\/h3>\n\n\n\n<p class=\"has-text-align-center\" style=\"padding-bottom:var(--wp--preset--spacing--base-x-3)\">Zapoznaj si\u0119 z&nbsp;materia\u0142em i&nbsp;dowiedz si\u0119 jak prawid\u0142owo krok po kroku wykonywa\u0107 iniekcj\u0119 w&nbsp;domu.<\/p>\n\n\n\n<div class=\"wp-block-buttons is-content-justification-center is-layout-flex wp-container-core-buttons-is-layout-a89b3969 wp-block-buttons-is-layout-flex\">\n<div class=\"wp-block-button\"><a class=\"wp-block-button__link wp-element-button\" href=\"https:\/\/wpvip.ipsen.digital\/iniekcjawdomu\/wp-content\/uploads\/sites\/96\/2026\/03\/2024_03-INSTRUKCJA-STOSOWANIA-SOMATULINE-AUTOGEL_A4_28-03-2024.pdf\" target=\"_blank\" rel=\"noreferrer noopener\">POBIERZ <svg xmlns=\"http:\/\/www.w3.org\/2000\/svg\" width=\"9\" height=\"16\" fill=\"none\" aria-hidden=\"true\"><path stroke=\"currentColor\" stroke-width=\"1.2\" d=\"m.426 15.125 7.35-7.35L.424.425\"\/><\/svg><\/a><\/div>\n<\/div>\n\n<\/div>\n\n\n\n<div class=\"wp-block-ipsen-wrapper\">\n    \n\n<figure class=\"wp-block-ipsen-image\">\n    <div class=\"wp-block-ipsen-image__wrap\">\n        \n<picture>\n    <img src=\"https:\/\/wpvip.ipsen.digital\/iniekcjawdomu\/wp-content\/uploads\/sites\/96\/2026\/02\/imgi_1_2.png?w=276\" width=\"276\" height=\"192\" srcset=\"\" sizes=\"auto, (max-width: 276px) 100vw, 276px\" alt=\"\" decoding=\"async\" loading=\"lazy\" \/>\n<\/picture>\n            <\/div>\n    <\/figure>\n\n\n\n<h3 class=\"wp-block-heading has-text-align-center has-md-font-size\">Ulotka dla pacjenta i&nbsp;dzienniczek iniekcji<\/h3>\n\n\n\n<p class=\"has-text-align-center\">Zapoznaj si\u0119 z&nbsp;materia\u0142em i&nbsp;poznaj niezb\u0119dne informacje nt. Somatuline Autogel. Pobierz dzienniczek iniekcji, aby prowadzi\u0107 w&nbsp;nim notatki dotycz\u0105ce leczenia.<\/p>\n\n\n\n<div class=\"wp-block-buttons is-content-justification-center is-layout-flex wp-container-core-buttons-is-layout-a89b3969 wp-block-buttons-is-layout-flex\">\n<div class=\"wp-block-button\"><a class=\"wp-block-button__link wp-element-button\" href=\"https:\/\/wpvip.ipsen.digital\/iniekcjawdomu\/wp-content\/uploads\/sites\/96\/2026\/03\/2024_03-BROSZURA-dla-pacjenta-z-dzienniczkiem-iniekcji_24-str_A5_28-03-2024.pdf\" target=\"_blank\" rel=\"noreferrer noopener\">POBIERZ <svg xmlns=\"http:\/\/www.w3.org\/2000\/svg\" width=\"9\" height=\"16\" fill=\"none\" aria-hidden=\"true\"><path stroke=\"currentColor\" stroke-width=\"1.2\" d=\"m.426 15.125 7.35-7.35L.424.425\"\/><\/svg><\/a><\/div>\n<\/div>\n\n<\/div>\n\n\n\n<div class=\"wp-block-ipsen-wrapper\">\n    \n\n<figure class=\"wp-block-ipsen-image\">\n    <div class=\"wp-block-ipsen-image__wrap\">\n        \n<picture>\n    <img src=\"https:\/\/wpvip.ipsen.digital\/iniekcjawdomu\/wp-content\/uploads\/sites\/96\/2026\/02\/imgi_1_3.png?w=276\" width=\"276\" height=\"192\" srcset=\"\" sizes=\"auto, (max-width: 276px) 100vw, 276px\" alt=\"\" decoding=\"async\" loading=\"lazy\" \/>\n<\/picture>\n            <\/div>\n    <\/figure>\n\n\n\n<h3 class=\"wp-block-heading has-text-align-center has-md-font-size\">Poradnik dla pacjenta &#8211;&nbsp;zrozumie\u0107 akromegali\u0119<\/h3>\n\n\n\n<p class=\"has-text-align-center\" style=\"padding-bottom:var(--wp--preset--spacing--dynamic-base-x-4)\">Zapoznaj si\u0119 z&nbsp;materia\u0142em i&nbsp;poszerz swoj\u0105 wiedz\u0119 nt. akromegalii.<\/p>\n\n\n\n<div class=\"wp-block-buttons is-content-justification-center is-layout-flex wp-container-core-buttons-is-layout-a89b3969 wp-block-buttons-is-layout-flex\">\n<div class=\"wp-block-button\"><a class=\"wp-block-button__link wp-element-button\" href=\"https:\/\/wpvip.ipsen.digital\/iniekcjawdomu\/wp-content\/uploads\/sites\/96\/2026\/03\/poradnik-dla-pacjenta-z-akromegalia-przyjmujacego-somatuline-autogel.pdf\" target=\"_blank\" rel=\"noreferrer noopener\">POBIERZ <svg xmlns=\"http:\/\/www.w3.org\/2000\/svg\" width=\"9\" height=\"16\" fill=\"none\" aria-hidden=\"true\"><path stroke=\"currentColor\" stroke-width=\"1.2\" d=\"m.426 15.125 7.35-7.35L.424.425\"\/><\/svg><\/a><\/div>\n<\/div>\n\n<\/div>\n\n\n\n<div class=\"wp-block-ipsen-wrapper\">\n    \n\n<figure class=\"wp-block-ipsen-image\">\n    <div class=\"wp-block-ipsen-image__wrap\">\n        \n<picture>\n    <img src=\"https:\/\/wpvip.ipsen.digital\/iniekcjawdomu\/wp-content\/uploads\/sites\/96\/2026\/02\/imgi_1_4.png?w=276\" width=\"276\" height=\"192\" srcset=\"\" sizes=\"auto, (max-width: 276px) 100vw, 276px\" alt=\"\" decoding=\"async\" loading=\"lazy\" \/>\n<\/picture>\n            <\/div>\n    <\/figure>\n\n\n\n<h3 class=\"wp-block-heading has-text-align-center has-md-font-size\">Poradnik dla pacjenta &#8211;&nbsp;guzy neuroendokrynne<\/h3>\n\n\n\n<p class=\"has-text-align-center\" style=\"padding-bottom:var(--wp--preset--spacing--base-three-halves)\">Zapoznaj si\u0119 z&nbsp;materia\u0142em i&nbsp;poszerz swoj\u0105 wiedz\u0119 nt. guz\u00f3w neuroendokrynnych wywodz\u0105cych si\u0119 z&nbsp;uk\u0142adu pokarmowego.<\/p>\n\n\n\n<div class=\"wp-block-buttons is-content-justification-center is-layout-flex wp-container-core-buttons-is-layout-a89b3969 wp-block-buttons-is-layout-flex\">\n<div class=\"wp-block-button\"><a class=\"wp-block-button__link wp-element-button\" href=\"https:\/\/wpvip.ipsen.digital\/iniekcjawdomu\/wp-content\/uploads\/sites\/96\/2026\/03\/poradnik-dla-pacjenta-z-guzami-neuroendokrynnymi-1.pdf\" target=\"_blank\" rel=\"noreferrer noopener\">POBIERZ <svg xmlns=\"http:\/\/www.w3.org\/2000\/svg\" width=\"9\" height=\"16\" fill=\"none\" aria-hidden=\"true\"><path stroke=\"currentColor\" stroke-width=\"1.2\" d=\"m.426 15.125 7.35-7.35L.424.425\"\/><\/svg><\/a><\/div>\n<\/div>\n\n<\/div>\n\n<\/div>\n\n\n\n<h2 class=\"wp-block-heading\">Materia\u0142y wideo<\/h2>\n\n\n\n<div style=\"padding-bottom:var(--wp--preset--spacing--base-x-3);\" class=\"has-2-columns wp-block-ipsen-columns\">\n    \n\n<div class=\"wp-block-ipsen-wrapper\">\n    \n\n<figure style=\"margin-top:0;\" class=\"wp-block-ipsen-image\">\n    <div class=\"wp-block-ipsen-image__wrap\">\n        \n<picture>\n    <img src=\"https:\/\/wpvip.ipsen.digital\/iniekcjawdomu\/wp-content\/uploads\/sites\/96\/2026\/02\/imgi_16_a4.png?w=1050\" width=\"1050\" height=\"700\" srcset=\"https:\/\/wpvip.ipsen.digital\/iniekcjawdomu\/wp-content\/uploads\/sites\/96\/2026\/02\/imgi_16_a4.png 1200w, https:\/\/wpvip.ipsen.digital\/iniekcjawdomu\/wp-content\/uploads\/sites\/96\/2026\/02\/imgi_16_a4.png?resize=1050,700 1050w, https:\/\/wpvip.ipsen.digital\/iniekcjawdomu\/wp-content\/uploads\/sites\/96\/2026\/02\/imgi_16_a4.png?resize=510,340 510w, https:\/\/wpvip.ipsen.digital\/iniekcjawdomu\/wp-content\/uploads\/sites\/96\/2026\/02\/imgi_16_a4.png?resize=330,220 330w\" sizes=\"auto, (max-width: 1050px) 100vw, 1050px\" alt=\"\" decoding=\"async\" loading=\"lazy\" \/>\n<\/picture>\n            <\/div>\n    <\/figure>\n\n\n\n<p><strong>Jakie wsparcie mo\u017ce uzyska\u0107 pacjent od piel\u0119gniarki? &#8211; mgr&nbsp;Joanna Machnowska<\/strong><\/p>\n\n\n\n<p>Dowiedz si\u0119 wi\u0119cej na temat wsparcia, jakie mo\u017cesz otrzyma\u0107 od piel\u0119gniarki podczas wizyty.<\/p>\n\n\n\n<div class=\"wp-block-buttons is-layout-flex wp-block-buttons-is-layout-flex\">\n<div class=\"wp-block-button\"><a class=\"wp-block-button__link wp-element-button\">ZOBACZ WIDEO <svg xmlns=\"http:\/\/www.w3.org\/2000\/svg\" width=\"9\" height=\"16\" fill=\"none\" aria-hidden=\"true\"><path stroke=\"currentColor\" stroke-width=\"1.2\" d=\"m.426 15.125 7.35-7.35L.424.425\"\/><\/svg><\/a><\/div>\n<\/div>\n\n<\/div>\n\n\n\n<div class=\"wp-block-ipsen-wrapper\">\n    \n\n<figure class=\"wp-block-ipsen-image\">\n    <div class=\"wp-block-ipsen-image__wrap\">\n        \n<picture>\n    <img src=\"https:\/\/wpvip.ipsen.digital\/iniekcjawdomu\/wp-content\/uploads\/sites\/96\/2026\/02\/imgi_17_a3.png?w=1050\" width=\"1050\" height=\"700\" srcset=\"https:\/\/wpvip.ipsen.digital\/iniekcjawdomu\/wp-content\/uploads\/sites\/96\/2026\/02\/imgi_17_a3.png 1200w, https:\/\/wpvip.ipsen.digital\/iniekcjawdomu\/wp-content\/uploads\/sites\/96\/2026\/02\/imgi_17_a3.png?resize=1050,700 1050w, https:\/\/wpvip.ipsen.digital\/iniekcjawdomu\/wp-content\/uploads\/sites\/96\/2026\/02\/imgi_17_a3.png?resize=510,340 510w, https:\/\/wpvip.ipsen.digital\/iniekcjawdomu\/wp-content\/uploads\/sites\/96\/2026\/02\/imgi_17_a3.png?resize=330,220 330w\" sizes=\"auto, (max-width: 1050px) 100vw, 1050px\" alt=\"\" decoding=\"async\" loading=\"lazy\" \/>\n<\/picture>\n            <\/div>\n    <\/figure>\n\n\n\n<p><strong>Jaka dieta wspiera dobrostan pacjenta z&nbsp;guzami neuroendokrynnymi? &#8211;&nbsp;mgr&nbsp;Joanna Drygiel<\/strong><\/p>\n\n\n\n<p>Sprawd\u017a, jaka dieta wspiera dobrostan pacjenta z&nbsp;guzem neuroendokrynnym.<\/p>\n\n\n\n<div class=\"wp-block-buttons is-layout-flex wp-block-buttons-is-layout-flex\">\n<div class=\"wp-block-button\"><a class=\"wp-block-button__link wp-element-button\">ZOBACZ WIDEO <svg xmlns=\"http:\/\/www.w3.org\/2000\/svg\" width=\"9\" height=\"16\" fill=\"none\" aria-hidden=\"true\"><path stroke=\"currentColor\" stroke-width=\"1.2\" d=\"m.426 15.125 7.35-7.35L.424.425\"\/><\/svg><\/a><\/div>\n<\/div>\n\n<\/div>\n\n<\/div>\n\n\n\n<div style=\"padding-bottom:var(--wp--preset--spacing--base-x-3);\" class=\"has-2-columns wp-block-ipsen-columns\">\n    \n\n<div class=\"wp-block-ipsen-wrapper\">\n    \n\n<figure class=\"wp-block-ipsen-image\">\n    <div class=\"wp-block-ipsen-image__wrap\">\n        \n<picture>\n    <img src=\"https:\/\/wpvip.ipsen.digital\/iniekcjawdomu\/wp-content\/uploads\/sites\/96\/2026\/02\/imgi_18_a1.png?w=1050\" width=\"1050\" height=\"591\" srcset=\"https:\/\/wpvip.ipsen.digital\/iniekcjawdomu\/wp-content\/uploads\/sites\/96\/2026\/02\/imgi_18_a1.png 1200w, https:\/\/wpvip.ipsen.digital\/iniekcjawdomu\/wp-content\/uploads\/sites\/96\/2026\/02\/imgi_18_a1.png?resize=1050,591 1050w, https:\/\/wpvip.ipsen.digital\/iniekcjawdomu\/wp-content\/uploads\/sites\/96\/2026\/02\/imgi_18_a1.png?resize=510,287 510w, https:\/\/wpvip.ipsen.digital\/iniekcjawdomu\/wp-content\/uploads\/sites\/96\/2026\/02\/imgi_18_a1.png?resize=330,186 330w\" sizes=\"auto, (max-width: 1050px) 100vw, 1050px\" alt=\"\" decoding=\"async\" loading=\"lazy\" \/>\n<\/picture>\n            <\/div>\n    <\/figure>\n\n\n\n<p><strong>Nowoczesna diagnostyka i&nbsp;leczenie guz\u00f3w neuroendokrynnych oczami lekarzy &#8211;&nbsp;prof.&nbsp;Anna Sowa-Staszczak<\/strong><\/p>\n\n\n\n<p>Sprawd\u017a, jak oczami lekarzy prezentuje si\u0119 nowoczesna diagnostyka i&nbsp;leczenie guz\u00f3w neuroendokrynnych.<\/p>\n\n\n\n<div class=\"wp-block-buttons is-layout-flex wp-block-buttons-is-layout-flex\">\n<div class=\"wp-block-button\"><a class=\"wp-block-button__link wp-element-button\">ZOBACZ WIDEO <svg xmlns=\"http:\/\/www.w3.org\/2000\/svg\" width=\"9\" height=\"16\" fill=\"none\" aria-hidden=\"true\"><path stroke=\"currentColor\" stroke-width=\"1.2\" d=\"m.426 15.125 7.35-7.35L.424.425\"\/><\/svg><\/a><\/div>\n<\/div>\n\n<\/div>\n\n\n\n<div class=\"wp-block-ipsen-wrapper\">\n    \n\n<figure class=\"wp-block-ipsen-image\">\n    <div class=\"wp-block-ipsen-image__wrap\">\n        \n<picture>\n    <img src=\"https:\/\/wpvip.ipsen.digital\/iniekcjawdomu\/wp-content\/uploads\/sites\/96\/2026\/02\/imgi_19_a2.png?w=1050\" width=\"1050\" height=\"591\" srcset=\"https:\/\/wpvip.ipsen.digital\/iniekcjawdomu\/wp-content\/uploads\/sites\/96\/2026\/02\/imgi_19_a2.png 1200w, https:\/\/wpvip.ipsen.digital\/iniekcjawdomu\/wp-content\/uploads\/sites\/96\/2026\/02\/imgi_19_a2.png?resize=1050,591 1050w, https:\/\/wpvip.ipsen.digital\/iniekcjawdomu\/wp-content\/uploads\/sites\/96\/2026\/02\/imgi_19_a2.png?resize=510,287 510w, https:\/\/wpvip.ipsen.digital\/iniekcjawdomu\/wp-content\/uploads\/sites\/96\/2026\/02\/imgi_19_a2.png?resize=330,186 330w\" sizes=\"auto, (max-width: 1050px) 100vw, 1050px\" alt=\"\" decoding=\"async\" loading=\"lazy\" \/>\n<\/picture>\n            <\/div>\n    <\/figure>\n\n\n\n<p><strong>Nowoczesna diagnostyka i&nbsp;leczenie guz\u00f3w neuroendokrynnych oczami lekarzy &#8211;&nbsp;dr&nbsp;Agnieszka Kolasi\u0144ska-\u0106wik\u0142a<\/strong><\/p>\n\n\n\n<p>Sprawd\u017a, jak oczami lekarzy prezentuje si\u0119 nowoczesna diagnostyka i&nbsp;leczenie guz\u00f3w neuroendokrynnych.<\/p>\n\n\n\n<div class=\"wp-block-buttons is-layout-flex wp-block-buttons-is-layout-flex\">\n<div class=\"wp-block-button\"><a class=\"wp-block-button__link wp-element-button\">ZOBACZ WIDEO <svg xmlns=\"http:\/\/www.w3.org\/2000\/svg\" width=\"9\" height=\"16\" fill=\"none\" aria-hidden=\"true\"><path stroke=\"currentColor\" stroke-width=\"1.2\" d=\"m.426 15.125 7.35-7.35L.424.425\"\/><\/svg><\/a><\/div>\n<\/div>\n\n<\/div>\n\n<\/div>\n","protected":false},"excerpt":{"rendered":"<p>Materia\u0142y do pobrania Materia\u0142y wideo<\/p>\n","protected":false},"author":35,"featured_media":0,"parent":0,"menu_order":0,"comment_status":"closed","ping_status":"closed","template":"template-no-title","meta":{"_user_content_segmentation__post_segment_selection":[],"ipsen-approval-number":"","ipsen-post-related":[],"ipsen-off-label-enabled":false,"ipsen-off-label-message":"","editor_notices":[],"_ifac_restricted":false,"footnotes":""},"ipsen-author":[],"class_list":["post-47","page","type-page","status-publish","hentry"],"yoast_head":"<!-- This site is optimized with the Yoast SEO plugin v26.9 - https:\/\/yoast.com\/product\/yoast-seo-wordpress\/ -->\n<title>Materia\u0142y dla pacjenta - Iniekcja W DOMU<\/title>\n<meta name=\"robots\" content=\"index, follow, max-snippet:-1, max-image-preview:large, max-video-preview:-1\" \/>\n<link rel=\"canonical\" href=\"https:\/\/wpvip.ipsen.digital\/iniekcjawdomu\/materialy-dla-pacjenta\/\" \/>\n<meta property=\"og:locale\" content=\"en_US\" \/>\n<meta property=\"og:type\" content=\"article\" \/>\n<meta property=\"og:title\" content=\"Materia\u0142y dla pacjenta - Iniekcja W DOMU\" \/>\n<meta property=\"og:description\" content=\"Materia\u0142y do pobrania Materia\u0142y wideo\" \/>\n<meta property=\"og:url\" content=\"https:\/\/wpvip.ipsen.digital\/iniekcjawdomu\/materialy-dla-pacjenta\/\" \/>\n<meta property=\"og:site_name\" content=\"Iniekcja W DOMU\" \/>\n<meta property=\"article:modified_time\" content=\"2026-03-05T05:59:57+00:00\" \/>\n<meta name=\"twitter:card\" content=\"summary_large_image\" \/>\n<meta name=\"twitter:label1\" content=\"Est. reading time\" \/>\n\t<meta name=\"twitter:data1\" content=\"1 minute\" \/>\n<script type=\"application\/ld+json\" class=\"yoast-schema-graph\">{\"@context\":\"https:\/\/schema.org\",\"@graph\":[{\"@type\":\"WebPage\",\"@id\":\"https:\/\/wpvip.ipsen.digital\/iniekcjawdomu\/materialy-dla-pacjenta\/\",\"url\":\"https:\/\/wpvip.ipsen.digital\/iniekcjawdomu\/materialy-dla-pacjenta\/\",\"name\":\"Materia\u0142y dla pacjenta - Iniekcja W DOMU\",\"isPartOf\":{\"@id\":\"https:\/\/wpvip.ipsen.digital\/iniekcjawdomu\/#website\"},\"datePublished\":\"2026-02-27T11:01:47+00:00\",\"dateModified\":\"2026-03-05T05:59:57+00:00\",\"breadcrumb\":{\"@id\":\"https:\/\/wpvip.ipsen.digital\/iniekcjawdomu\/materialy-dla-pacjenta\/#breadcrumb\"},\"inLanguage\":\"en-US\",\"potentialAction\":[{\"@type\":\"ReadAction\",\"target\":[\"https:\/\/wpvip.ipsen.digital\/iniekcjawdomu\/materialy-dla-pacjenta\/\"]}]},{\"@type\":\"BreadcrumbList\",\"@id\":\"https:\/\/wpvip.ipsen.digital\/iniekcjawdomu\/materialy-dla-pacjenta\/#breadcrumb\",\"itemListElement\":[{\"@type\":\"ListItem\",\"position\":1,\"name\":\"Home\",\"item\":\"https:\/\/wpvip.ipsen.digital\/iniekcjawdomu\/\"},{\"@type\":\"ListItem\",\"position\":2,\"name\":\"Materia\u0142y dla pacjenta\"}]},{\"@type\":\"WebSite\",\"@id\":\"https:\/\/wpvip.ipsen.digital\/iniekcjawdomu\/#website\",\"url\":\"https:\/\/wpvip.ipsen.digital\/iniekcjawdomu\/\",\"name\":\"Iniekcja W DOMU\",\"description\":\"\",\"publisher\":{\"@id\":\"https:\/\/wpvip.ipsen.digital\/iniekcjawdomu\/#organization\"},\"potentialAction\":[{\"@type\":\"SearchAction\",\"target\":{\"@type\":\"EntryPoint\",\"urlTemplate\":\"https:\/\/wpvip.ipsen.digital\/iniekcjawdomu\/?s={search_term_string}\"},\"query-input\":{\"@type\":\"PropertyValueSpecification\",\"valueRequired\":true,\"valueName\":\"search_term_string\"}}],\"inLanguage\":\"en-US\"},{\"@type\":\"Organization\",\"@id\":\"https:\/\/wpvip.ipsen.digital\/iniekcjawdomu\/#organization\",\"name\":\"Iniekcja W DOMU\",\"url\":\"https:\/\/wpvip.ipsen.digital\/iniekcjawdomu\/\",\"logo\":{\"@type\":\"ImageObject\",\"inLanguage\":\"en-US\",\"@id\":\"https:\/\/wpvip.ipsen.digital\/iniekcjawdomu\/#\/schema\/logo\/image\/\",\"url\":\"https:\/\/wpvip.ipsen.digital\/iniekcjawdomu\/wp-content\/uploads\/sites\/96\/2026\/02\/imgi_1_logo-iniekcja-w-domu.png\",\"contentUrl\":\"https:\/\/wpvip.ipsen.digital\/iniekcjawdomu\/wp-content\/uploads\/sites\/96\/2026\/02\/imgi_1_logo-iniekcja-w-domu.png\",\"width\":274,\"height\":125,\"caption\":\"Iniekcja W DOMU\"},\"image\":{\"@id\":\"https:\/\/wpvip.ipsen.digital\/iniekcjawdomu\/#\/schema\/logo\/image\/\"}}]}<\/script>\n<!-- \/ Yoast SEO plugin. -->","yoast_head_json":{"title":"Materia\u0142y dla pacjenta - Iniekcja W DOMU","robots":{"index":"index","follow":"follow","max-snippet":"max-snippet:-1","max-image-preview":"max-image-preview:large","max-video-preview":"max-video-preview:-1"},"canonical":"https:\/\/wpvip.ipsen.digital\/iniekcjawdomu\/materialy-dla-pacjenta\/","og_locale":"en_US","og_type":"article","og_title":"Materia\u0142y dla pacjenta - Iniekcja W DOMU","og_description":"Materia\u0142y do pobrania Materia\u0142y wideo","og_url":"https:\/\/wpvip.ipsen.digital\/iniekcjawdomu\/materialy-dla-pacjenta\/","og_site_name":"Iniekcja W DOMU","article_modified_time":"2026-03-05T05:59:57+00:00","twitter_card":"summary_large_image","twitter_misc":{"Est. reading time":"1 minute"},"schema":{"@context":"https:\/\/schema.org","@graph":[{"@type":"WebPage","@id":"https:\/\/wpvip.ipsen.digital\/iniekcjawdomu\/materialy-dla-pacjenta\/","url":"https:\/\/wpvip.ipsen.digital\/iniekcjawdomu\/materialy-dla-pacjenta\/","name":"Materia\u0142y dla pacjenta - Iniekcja W DOMU","isPartOf":{"@id":"https:\/\/wpvip.ipsen.digital\/iniekcjawdomu\/#website"},"datePublished":"2026-02-27T11:01:47+00:00","dateModified":"2026-03-05T05:59:57+00:00","breadcrumb":{"@id":"https:\/\/wpvip.ipsen.digital\/iniekcjawdomu\/materialy-dla-pacjenta\/#breadcrumb"},"inLanguage":"en-US","potentialAction":[{"@type":"ReadAction","target":["https:\/\/wpvip.ipsen.digital\/iniekcjawdomu\/materialy-dla-pacjenta\/"]}]},{"@type":"BreadcrumbList","@id":"https:\/\/wpvip.ipsen.digital\/iniekcjawdomu\/materialy-dla-pacjenta\/#breadcrumb","itemListElement":[{"@type":"ListItem","position":1,"name":"Home","item":"https:\/\/wpvip.ipsen.digital\/iniekcjawdomu\/"},{"@type":"ListItem","position":2,"name":"Materia\u0142y dla pacjenta"}]},{"@type":"WebSite","@id":"https:\/\/wpvip.ipsen.digital\/iniekcjawdomu\/#website","url":"https:\/\/wpvip.ipsen.digital\/iniekcjawdomu\/","name":"Iniekcja W DOMU","description":"","publisher":{"@id":"https:\/\/wpvip.ipsen.digital\/iniekcjawdomu\/#organization"},"potentialAction":[{"@type":"SearchAction","target":{"@type":"EntryPoint","urlTemplate":"https:\/\/wpvip.ipsen.digital\/iniekcjawdomu\/?s={search_term_string}"},"query-input":{"@type":"PropertyValueSpecification","valueRequired":true,"valueName":"search_term_string"}}],"inLanguage":"en-US"},{"@type":"Organization","@id":"https:\/\/wpvip.ipsen.digital\/iniekcjawdomu\/#organization","name":"Iniekcja W DOMU","url":"https:\/\/wpvip.ipsen.digital\/iniekcjawdomu\/","logo":{"@type":"ImageObject","inLanguage":"en-US","@id":"https:\/\/wpvip.ipsen.digital\/iniekcjawdomu\/#\/schema\/logo\/image\/","url":"https:\/\/wpvip.ipsen.digital\/iniekcjawdomu\/wp-content\/uploads\/sites\/96\/2026\/02\/imgi_1_logo-iniekcja-w-domu.png","contentUrl":"https:\/\/wpvip.ipsen.digital\/iniekcjawdomu\/wp-content\/uploads\/sites\/96\/2026\/02\/imgi_1_logo-iniekcja-w-domu.png","width":274,"height":125,"caption":"Iniekcja W DOMU"},"image":{"@id":"https:\/\/wpvip.ipsen.digital\/iniekcjawdomu\/#\/schema\/logo\/image\/"}}]}},"_links":{"self":[{"href":"https:\/\/wpvip.ipsen.digital\/iniekcjawdomu\/wp-json\/wp\/v2\/pages\/47","targetHints":{"allow":["GET"]}}],"collection":[{"href":"https:\/\/wpvip.ipsen.digital\/iniekcjawdomu\/wp-json\/wp\/v2\/pages"}],"about":[{"href":"https:\/\/wpvip.ipsen.digital\/iniekcjawdomu\/wp-json\/wp\/v2\/types\/page"}],"author":[{"embeddable":true,"href":"https:\/\/wpvip.ipsen.digital\/iniekcjawdomu\/wp-json\/wp\/v2\/users\/35"}],"replies":[{"embeddable":true,"href":"https:\/\/wpvip.ipsen.digital\/iniekcjawdomu\/wp-json\/wp\/v2\/comments?post=47"}],"version-history":[{"count":10,"href":"https:\/\/wpvip.ipsen.digital\/iniekcjawdomu\/wp-json\/wp\/v2\/pages\/47\/revisions"}],"predecessor-version":[{"id":137,"href":"https:\/\/wpvip.ipsen.digital\/iniekcjawdomu\/wp-json\/wp\/v2\/pages\/47\/revisions\/137"}],"wp:attachment":[{"href":"https:\/\/wpvip.ipsen.digital\/iniekcjawdomu\/wp-json\/wp\/v2\/media?parent=47"}],"wp:term":[{"taxonomy":"ipsen-author","embeddable":true,"href":"https:\/\/wpvip.ipsen.digital\/iniekcjawdomu\/wp-json\/wp\/v2\/ipsen-author?post=47"}],"curies":[{"name":"wp","href":"https:\/\/api.w.org\/{rel}","templated":true}]}}