{"id":97,"date":"2026-03-03T12:38:22","date_gmt":"2026-03-03T12:38:22","guid":{"rendered":"https:\/\/wpvip.ipsen.digital\/iniekcjawdomu\/?page_id=97"},"modified":"2026-03-05T06:04:11","modified_gmt":"2026-03-05T06:04:11","slug":"o-akromegalii","status":"publish","type":"page","link":"https:\/\/wpvip.ipsen.digital\/iniekcjawdomu\/o-akromegalii\/","title":{"rendered":"Akromegalia"},"content":{"rendered":"\n<section class=\"alignfull wp-block-ipsen-hero-v2\">\n            <img\n                class=\"wp-block-ipsen-hero-v2__image\"\n                src=\"https:\/\/wpvip.ipsen.digital\/iniekcjawdomu\/wp-content\/uploads\/sites\/96\/2026\/03\/imgi_17_hero-about-acromegaly.jpg\"\n                width=\"1920\"\n                height=\"226\"\n                fetchpriority=\"high\"\n                decoding=\"async\"\n                alt=\"\"\n        \/>\n            <div class=\"wp-block-ipsen-hero-v2__content\">\n        <div class=\"wp-block-ipsen-hero-v2__content-inner\">\n            \n\n<div class=\"has-2-columns wp-block-ipsen-columns\">\n    \n\n<div class=\"wp-block-ipsen-wrapper\">\n    \n\n<h1 class=\"wp-block-heading\">Akromegalia<br><\/h1>\n\n<\/div>\n\n\n\n<div class=\"wp-block-ipsen-wrapper\">\n    <\/div>\n\n<\/div>\n\n        <\/div>\n    <\/div>\n<\/section>\n\n\n\n<h2 class=\"wp-block-heading\" style=\"margin-top:var(--wp--preset--spacing--base-x-4)\">Czy wiesz, \u017ce objawy akromegalii mog\u0105 trwa\u0107 latami<br>zanim zostanie postawiona w\u0142a\u015bciwa diagnoza?<\/h2>\n\n\n\n<p>Akromegalia to rzadka, wolno post\u0119puj\u0105ca i podst\u0119pna choroba<br>spowodowana przewlek\u0142ym nadmiernym wydzielaniem<br>hormonu wzrostu.<sup>1,2<\/sup><\/p>\n\n\n\n<div style=\"padding-top:var(--wp--preset--spacing--base-x-3);padding-bottom:var(--wp--preset--spacing--base-x-3);\" class=\"has-2-columns wp-block-ipsen-columns\">\n    \n\n<div class=\"wp-block-ipsen-wrapper\">\n    \n\n<h2 class=\"wp-block-heading has-text-align-center\">Zachorowalno\u015b\u0107<\/h2>\n\n\n\n<figure class=\"aligncenter wp-block-ipsen-image\">\n    <div class=\"wp-block-ipsen-image__wrap\">\n        \n<picture>\n    <img src=\"https:\/\/wpvip.ipsen.digital\/iniekcjawdomu\/wp-content\/uploads\/sites\/96\/2026\/03\/imgi_1_acromegaly-figure.png?w=167\" width=\"167\" height=\"167\" srcset=\"https:\/\/wpvip.ipsen.digital\/iniekcjawdomu\/wp-content\/uploads\/sites\/96\/2026\/03\/imgi_1_acromegaly-figure.png 167w, https:\/\/wpvip.ipsen.digital\/iniekcjawdomu\/wp-content\/uploads\/sites\/96\/2026\/03\/imgi_1_acromegaly-figure.png?resize=150,150 150w\" sizes=\"auto, (max-width: 167px) 100vw, 167px\" alt=\"\" decoding=\"async\" loading=\"lazy\" \/>\n<\/picture>\n            <\/div>\n    <\/figure>\n\n\n\n<h2 class=\"wp-block-heading has-text-align-center\">0,2 &#8211; 1,1<\/h2>\n\n\n\n<p class=\"has-text-align-center\">na 100 000 os\u00f3b rocznie<\/p>\n\n<\/div>\n\n\n\n<div class=\"wp-block-ipsen-wrapper\">\n    \n\n<h2 class=\"wp-block-heading\">Powi\u0105zane choroby <br>wsp\u00f3\u0142istniej\u0105ce<\/h2>\n\n\n\n<ul class=\"wp-block-list has-md-font-size\">\n<li>Nadci\u015bnienie t\u0119tnicze<\/li>\n\n\n\n<li>Osteoporoza<\/li>\n\n\n\n<li>Cukrzyca<\/li>\n\n\n\n<li>Bezdech senny<\/li>\n\n\n\n<li>Niewydolno\u015b\u0107 serca\/choroba wie\u0144cowa<\/li>\n<\/ul>\n\n<\/div>\n\n<\/div>\n\n\n\n<h2 class=\"wp-block-heading has-text-align-center\">Objawy trwaj\u0105 latami zanim zostanie postawiona diagnoza<\/h2>\n\n\n\n<div style=\"padding-top:var(--wp--preset--spacing--base-x-2);padding-bottom:var(--wp--preset--spacing--base-x-2);\" class=\"has-2-columns wp-block-ipsen-columns\">\n    \n\n<div class=\"wp-block-ipsen-wrapper\">\n    \n\n<figure class=\"aligncenter wp-block-ipsen-image\">\n    <div class=\"wp-block-ipsen-image__wrap\">\n        \n<picture>\n    <img src=\"https:\/\/wpvip.ipsen.digital\/iniekcjawdomu\/wp-content\/uploads\/sites\/96\/2026\/03\/imgi_1_acromegaly-clock.png?w=131\" width=\"131\" height=\"144\" srcset=\"\" sizes=\"auto, (max-width: 131px) 100vw, 131px\" alt=\"\" decoding=\"async\" loading=\"lazy\" \/>\n<\/picture>\n            <\/div>\n    <\/figure>\n\n<\/div>\n\n\n\n<div class=\"wp-block-ipsen-wrapper\">\n    \n\n<h2 class=\"wp-block-heading\">4,5 &#8211; 5 lat<\/h2>\n\n\n\n<p>Mediana czasu do postawienia diagnozy<\/p>\n\n<\/div>\n\n<\/div>\n\n\n\n<h2 class=\"wp-block-heading has-text-align-center\" style=\"margin-top:var(--wp--preset--spacing--dynamic-base-x-4)\">Osoby cierpi\u0105ce na akromegali\u0119 maj\u0105 charakterystyczne objawy<sup>1<\/sup><\/h2>\n\n\n\n<div style=\"padding-top:var(--wp--preset--spacing--base-x-2);padding-bottom:var(--wp--preset--spacing--base-x-2);\" class=\"has-2-columns wp-block-ipsen-columns\">\n    \n\n<div class=\"wp-block-ipsen-wrapper\">\n    \n\n<figure class=\"wp-block-ipsen-image\">\n    <div class=\"wp-block-ipsen-image__wrap\">\n        \n<picture>\n    <img src=\"https:\/\/wpvip.ipsen.digital\/iniekcjawdomu\/wp-content\/uploads\/sites\/96\/2026\/03\/imgi_1_acromegaly-characteristic-1.png?w=353\" width=\"353\" height=\"510\" srcset=\"https:\/\/wpvip.ipsen.digital\/iniekcjawdomu\/wp-content\/uploads\/sites\/96\/2026\/03\/imgi_1_acromegaly-characteristic-1.png 353w, https:\/\/wpvip.ipsen.digital\/iniekcjawdomu\/wp-content\/uploads\/sites\/96\/2026\/03\/imgi_1_acromegaly-characteristic-1.png?resize=330,477 330w\" sizes=\"auto, (max-width: 353px) 100vw, 353px\" alt=\"\" decoding=\"async\" loading=\"lazy\" \/>\n<\/picture>\n            <\/div>\n    <\/figure>\n\n<\/div>\n\n\n\n<div class=\"wp-block-ipsen-wrapper\">\n    \n\n<figure class=\"wp-block-ipsen-image\">\n    <div class=\"wp-block-ipsen-image__wrap\">\n        \n<picture>\n    <img src=\"https:\/\/wpvip.ipsen.digital\/iniekcjawdomu\/wp-content\/uploads\/sites\/96\/2026\/03\/imgi_1_acromegaly-characteristic-2.png?w=354\" width=\"354\" height=\"510\" srcset=\"https:\/\/wpvip.ipsen.digital\/iniekcjawdomu\/wp-content\/uploads\/sites\/96\/2026\/03\/imgi_1_acromegaly-characteristic-2.png 354w, https:\/\/wpvip.ipsen.digital\/iniekcjawdomu\/wp-content\/uploads\/sites\/96\/2026\/03\/imgi_1_acromegaly-characteristic-2.png?resize=330,475 330w\" sizes=\"auto, (max-width: 354px) 100vw, 354px\" alt=\"\" decoding=\"async\" loading=\"lazy\" \/>\n<\/picture>\n            <\/div>\n    <\/figure>\n\n<\/div>\n\n<\/div>\n\n\n\n<h2 class=\"wp-block-heading has-text-align-center\" style=\"margin-top:var(--wp--preset--spacing--base-x-3)\">Op\u00f3\u017anienie w rozpoznaniu akromegalii koreluje<br>z obni\u017con\u0105 psychospo\u0142eczn\u0105 jako\u015bci\u0105 \u017cycia<sup>*3<\/sup><\/h2>\n\n\n\n<figure style=\"margin-top:var(--wp--preset--spacing--base-x-2);margin-bottom:var(--wp--preset--spacing--base-x-2);\" class=\"aligncenter wp-block-ipsen-image\">\n    <div class=\"wp-block-ipsen-image__wrap\">\n        \n<picture>\n    <img src=\"https:\/\/wpvip.ipsen.digital\/iniekcjawdomu\/wp-content\/uploads\/sites\/96\/2026\/03\/imgi_1_acromegaly-characteristic-3.png?w=422\" width=\"422\" height=\"429\" srcset=\"https:\/\/wpvip.ipsen.digital\/iniekcjawdomu\/wp-content\/uploads\/sites\/96\/2026\/03\/imgi_1_acromegaly-characteristic-3.png 422w, https:\/\/wpvip.ipsen.digital\/iniekcjawdomu\/wp-content\/uploads\/sites\/96\/2026\/03\/imgi_1_acromegaly-characteristic-3.png?resize=330,335 330w\" sizes=\"auto, (max-width: 422px) 100vw, 422px\" alt=\"\" decoding=\"async\" loading=\"lazy\" \/>\n<\/picture>\n            <\/div>\n    <\/figure>\n\n\n<section class=\"full-width alignfull wp-block-ipsen-section\">\n    <div class=\"wp-block-ipsen-section__content\">\n        \n<section style=\"padding-right:0;padding-left:0;margin-right:0;margin-left:0;\" class=\"full-width alignfull is-style-primary wp-block-ipsen-section\">\n    <div class=\"wp-block-ipsen-section__content\">\n        \n\n<h2 class=\"wp-block-heading has-text-align-center\">Szersza edukacja mo\u017ce skr\u00f3ci\u0107 czas do postawienia rozpoznania <br>i&nbsp;usprawni\u0107 proces terapeutyczny<\/h2>\n\n    <\/div>\n<\/section>\n\n\n    <\/div>\n<\/section>\n\n\n\n\n<div style=\"padding-top:var(--wp--preset--spacing--base-x-2);padding-bottom:var(--wp--preset--spacing--base-x-2);margin-bottom:var(--wp--preset--spacing--base-x-3);\" class=\"has-2-columns wp-block-ipsen-columns\">\n    \n\n<div class=\"wp-block-ipsen-wrapper\">\n    \n\n<figure class=\"alignright wp-block-ipsen-image\">\n    <div class=\"wp-block-ipsen-image__wrap\">\n        \n<picture>\n    <img src=\"https:\/\/wpvip.ipsen.digital\/iniekcjawdomu\/wp-content\/uploads\/sites\/96\/2026\/02\/imgi_1_icon-guidebook.png?w=73\" width=\"73\" height=\"101\" srcset=\"\" sizes=\"auto, (max-width: 73px) 100vw, 73px\" alt=\"\" decoding=\"async\" loading=\"lazy\" \/>\n<\/picture>\n            <\/div>\n    <\/figure>\n\n<\/div>\n\n\n\n<div class=\"wp-block-ipsen-wrapper\">\n    \n\n<h2 class=\"wp-block-heading\">Poradnik dla pacjenta<\/h2>\n\n\n\n<div class=\"wp-block-buttons is-layout-flex wp-block-buttons-is-layout-flex\">\n<div class=\"wp-block-button is-style-accent\"><a class=\"wp-block-button__link wp-element-button\" href=\"https:\/\/wpvip.ipsen.digital\/iniekcjawdomu\/wp-content\/uploads\/sites\/96\/2026\/03\/poradnik-dla-pacjenta-z-akromegalia-przyjmujacego-somatuline-autogel.pdf\" target=\"_blank\" rel=\"noreferrer noopener\">POBIERZ <svg xmlns=\"http:\/\/www.w3.org\/2000\/svg\" width=\"9\" height=\"16\" fill=\"none\" aria-hidden=\"true\"><path stroke=\"currentColor\" stroke-width=\"1.2\" d=\"m.426 15.125 7.35-7.35L.424.425\"\/><\/svg><\/a><\/div>\n<\/div>\n\n<\/div>\n\n<\/div>\n\n\n\n<p class=\"has-gray-color has-text-color has-link-color has-xs-font-size wp-elements-a88291c898a60a02cd1ae8c521bc531d\">BDI \u2013 skala depresji Becka (ang. Beck Depression Inventory); PSQI \u2013 kwestionariusz jako\u015bci snu Pittsburgh (ang. Pittsburgh Sleep Quality Index); |<\/p>\n\n\n\n<p class=\"has-gray-color has-text-color has-link-color has-xs-font-size wp-elements-125103148612814f0da4d9162b86e59f\" style=\"margin-top:var(--wp--preset--spacing--base-one-third);margin-bottom:var(--wp--preset--spacing--base-one-third)\">F-36 \u2013 kwestionariusz oceny jako\u015bci \u017cycia SF-36 (ang. 36-Item Short Form Health Survey). * Badanie obejmowa\u0142o 41 chorych na akromegali\u0119 w wieku \u015brednio 57,4 roku.<\/p>\n\n\n\n<p class=\"has-gray-color has-text-color has-link-color has-xs-font-size wp-elements-c7547b099ae524afe832a4f1f02dcf8d\" style=\"margin-top:var(--wp--preset--spacing--base-x-2)\">Pi\u015bmiennictwo<\/p>\n\n\n\n<p class=\"has-gray-color has-text-color has-link-color has-xs-font-size wp-elements-f6a00e3290a8456905f8daa76e27f628\" style=\"margin-top:var(--wp--preset--spacing--base-one-third);margin-bottom:var(--wp--preset--spacing--base-one-third)\">1. Reid TJ i wsp. Clin Endocrinol 2010;72(2):203\u2013208;<\/p>\n\n\n\n<p class=\"has-gray-color has-text-color has-link-color has-xs-font-size wp-elements-c5f807947f40ab325e6d63839c160203\" style=\"margin-top:var(--wp--preset--spacing--base-one-third);margin-bottom:var(--wp--preset--spacing--base-one-third);padding-bottom:var(--wp--preset--spacing--base-one-third)\">2. Lavrentaki A i wsp. Pituitary 2017;20:4\u20139;<\/p>\n\n\n\n<p class=\"has-gray-color has-text-color has-link-color has-xs-font-size wp-elements-f4c2218356f99629670c4afc5741e920\" style=\"margin-top:var(--wp--preset--spacing--base-one-third);margin-bottom:var(--wp--preset--spacing--base-x-4)\">3. Siegel S i wsp. Pituitary 2013;16:507\u2013514<\/p>\n","protected":false},"excerpt":{"rendered":"<p>Czy wiesz, \u017ce objawy akromegalii mog\u0105 trwa\u0107 latamizanim zostanie postawiona w\u0142a\u015bciwa diagnoza? Akromegalia to rzadka, wolno post\u0119puj\u0105ca i podst\u0119pna chorobaspowodowana przewlek\u0142ym nadmiernym wydzielaniemhormonu wzrostu.1,2 Objawy trwaj\u0105 latami zanim zostanie postawiona diagnoza Osoby cierpi\u0105ce na akromegali\u0119 maj\u0105 charakterystyczne objawy1 Op\u00f3\u017anienie w rozpoznaniu akromegalii korelujez obni\u017con\u0105 psychospo\u0142eczn\u0105 jako\u015bci\u0105 \u017cycia*3 BDI \u2013 skala depresji Becka (ang. Beck Depression [&hellip;]<\/p>\n","protected":false},"author":35,"featured_media":0,"parent":0,"menu_order":0,"comment_status":"closed","ping_status":"closed","template":"template-no-title","meta":{"_user_content_segmentation__post_segment_selection":[],"ipsen-approval-number":"","ipsen-post-related":[],"ipsen-off-label-enabled":false,"ipsen-off-label-message":"","editor_notices":[],"_ifac_restricted":false,"footnotes":""},"ipsen-author":[],"class_list":["post-97","page","type-page","status-publish","hentry"],"yoast_head":"<!-- This site is optimized with the Yoast SEO plugin v26.9 - https:\/\/yoast.com\/product\/yoast-seo-wordpress\/ -->\n<title>Akromegalia - Iniekcja W DOMU<\/title>\n<meta name=\"robots\" content=\"index, follow, max-snippet:-1, max-image-preview:large, max-video-preview:-1\" \/>\n<link rel=\"canonical\" href=\"https:\/\/wpvip.ipsen.digital\/iniekcjawdomu\/o-akromegalii\/\" \/>\n<meta property=\"og:locale\" content=\"en_US\" \/>\n<meta property=\"og:type\" content=\"article\" \/>\n<meta property=\"og:title\" content=\"Akromegalia - Iniekcja W DOMU\" \/>\n<meta property=\"og:description\" content=\"Czy wiesz, \u017ce objawy akromegalii mog\u0105 trwa\u0107 latamizanim zostanie postawiona w\u0142a\u015bciwa diagnoza? Akromegalia to rzadka, wolno post\u0119puj\u0105ca i podst\u0119pna chorobaspowodowana przewlek\u0142ym nadmiernym wydzielaniemhormonu wzrostu.1,2 Objawy trwaj\u0105 latami zanim zostanie postawiona diagnoza Osoby cierpi\u0105ce na akromegali\u0119 maj\u0105 charakterystyczne objawy1 Op\u00f3\u017anienie w rozpoznaniu akromegalii korelujez obni\u017con\u0105 psychospo\u0142eczn\u0105 jako\u015bci\u0105 \u017cycia*3 BDI \u2013 skala depresji Becka (ang. Beck Depression [&hellip;]\" \/>\n<meta property=\"og:url\" content=\"https:\/\/wpvip.ipsen.digital\/iniekcjawdomu\/o-akromegalii\/\" \/>\n<meta property=\"og:site_name\" content=\"Iniekcja W DOMU\" \/>\n<meta property=\"article:modified_time\" content=\"2026-03-05T06:04:11+00:00\" \/>\n<meta name=\"twitter:card\" content=\"summary_large_image\" \/>\n<meta name=\"twitter:label1\" content=\"Est. reading time\" \/>\n\t<meta name=\"twitter:data1\" content=\"1 minute\" \/>\n<script type=\"application\/ld+json\" class=\"yoast-schema-graph\">{\"@context\":\"https:\/\/schema.org\",\"@graph\":[{\"@type\":\"WebPage\",\"@id\":\"https:\/\/wpvip.ipsen.digital\/iniekcjawdomu\/o-akromegalii\/\",\"url\":\"https:\/\/wpvip.ipsen.digital\/iniekcjawdomu\/o-akromegalii\/\",\"name\":\"Akromegalia - Iniekcja W DOMU\",\"isPartOf\":{\"@id\":\"https:\/\/wpvip.ipsen.digital\/iniekcjawdomu\/#website\"},\"datePublished\":\"2026-03-03T12:38:22+00:00\",\"dateModified\":\"2026-03-05T06:04:11+00:00\",\"breadcrumb\":{\"@id\":\"https:\/\/wpvip.ipsen.digital\/iniekcjawdomu\/o-akromegalii\/#breadcrumb\"},\"inLanguage\":\"en-US\",\"potentialAction\":[{\"@type\":\"ReadAction\",\"target\":[\"https:\/\/wpvip.ipsen.digital\/iniekcjawdomu\/o-akromegalii\/\"]}]},{\"@type\":\"BreadcrumbList\",\"@id\":\"https:\/\/wpvip.ipsen.digital\/iniekcjawdomu\/o-akromegalii\/#breadcrumb\",\"itemListElement\":[{\"@type\":\"ListItem\",\"position\":1,\"name\":\"Home\",\"item\":\"https:\/\/wpvip.ipsen.digital\/iniekcjawdomu\/\"},{\"@type\":\"ListItem\",\"position\":2,\"name\":\"Akromegalia\"}]},{\"@type\":\"WebSite\",\"@id\":\"https:\/\/wpvip.ipsen.digital\/iniekcjawdomu\/#website\",\"url\":\"https:\/\/wpvip.ipsen.digital\/iniekcjawdomu\/\",\"name\":\"Iniekcja W DOMU\",\"description\":\"\",\"publisher\":{\"@id\":\"https:\/\/wpvip.ipsen.digital\/iniekcjawdomu\/#organization\"},\"potentialAction\":[{\"@type\":\"SearchAction\",\"target\":{\"@type\":\"EntryPoint\",\"urlTemplate\":\"https:\/\/wpvip.ipsen.digital\/iniekcjawdomu\/?s={search_term_string}\"},\"query-input\":{\"@type\":\"PropertyValueSpecification\",\"valueRequired\":true,\"valueName\":\"search_term_string\"}}],\"inLanguage\":\"en-US\"},{\"@type\":\"Organization\",\"@id\":\"https:\/\/wpvip.ipsen.digital\/iniekcjawdomu\/#organization\",\"name\":\"Iniekcja W DOMU\",\"url\":\"https:\/\/wpvip.ipsen.digital\/iniekcjawdomu\/\",\"logo\":{\"@type\":\"ImageObject\",\"inLanguage\":\"en-US\",\"@id\":\"https:\/\/wpvip.ipsen.digital\/iniekcjawdomu\/#\/schema\/logo\/image\/\",\"url\":\"https:\/\/wpvip.ipsen.digital\/iniekcjawdomu\/wp-content\/uploads\/sites\/96\/2026\/02\/imgi_1_logo-iniekcja-w-domu.png\",\"contentUrl\":\"https:\/\/wpvip.ipsen.digital\/iniekcjawdomu\/wp-content\/uploads\/sites\/96\/2026\/02\/imgi_1_logo-iniekcja-w-domu.png\",\"width\":274,\"height\":125,\"caption\":\"Iniekcja W DOMU\"},\"image\":{\"@id\":\"https:\/\/wpvip.ipsen.digital\/iniekcjawdomu\/#\/schema\/logo\/image\/\"}}]}<\/script>\n<!-- \/ Yoast SEO plugin. -->","yoast_head_json":{"title":"Akromegalia - Iniekcja W DOMU","robots":{"index":"index","follow":"follow","max-snippet":"max-snippet:-1","max-image-preview":"max-image-preview:large","max-video-preview":"max-video-preview:-1"},"canonical":"https:\/\/wpvip.ipsen.digital\/iniekcjawdomu\/o-akromegalii\/","og_locale":"en_US","og_type":"article","og_title":"Akromegalia - Iniekcja W DOMU","og_description":"Czy wiesz, \u017ce objawy akromegalii mog\u0105 trwa\u0107 latamizanim zostanie postawiona w\u0142a\u015bciwa diagnoza? Akromegalia to rzadka, wolno post\u0119puj\u0105ca i podst\u0119pna chorobaspowodowana przewlek\u0142ym nadmiernym wydzielaniemhormonu wzrostu.1,2 Objawy trwaj\u0105 latami zanim zostanie postawiona diagnoza Osoby cierpi\u0105ce na akromegali\u0119 maj\u0105 charakterystyczne objawy1 Op\u00f3\u017anienie w rozpoznaniu akromegalii korelujez obni\u017con\u0105 psychospo\u0142eczn\u0105 jako\u015bci\u0105 \u017cycia*3 BDI \u2013 skala depresji Becka (ang. Beck Depression [&hellip;]","og_url":"https:\/\/wpvip.ipsen.digital\/iniekcjawdomu\/o-akromegalii\/","og_site_name":"Iniekcja W DOMU","article_modified_time":"2026-03-05T06:04:11+00:00","twitter_card":"summary_large_image","twitter_misc":{"Est. reading time":"1 minute"},"schema":{"@context":"https:\/\/schema.org","@graph":[{"@type":"WebPage","@id":"https:\/\/wpvip.ipsen.digital\/iniekcjawdomu\/o-akromegalii\/","url":"https:\/\/wpvip.ipsen.digital\/iniekcjawdomu\/o-akromegalii\/","name":"Akromegalia - Iniekcja W DOMU","isPartOf":{"@id":"https:\/\/wpvip.ipsen.digital\/iniekcjawdomu\/#website"},"datePublished":"2026-03-03T12:38:22+00:00","dateModified":"2026-03-05T06:04:11+00:00","breadcrumb":{"@id":"https:\/\/wpvip.ipsen.digital\/iniekcjawdomu\/o-akromegalii\/#breadcrumb"},"inLanguage":"en-US","potentialAction":[{"@type":"ReadAction","target":["https:\/\/wpvip.ipsen.digital\/iniekcjawdomu\/o-akromegalii\/"]}]},{"@type":"BreadcrumbList","@id":"https:\/\/wpvip.ipsen.digital\/iniekcjawdomu\/o-akromegalii\/#breadcrumb","itemListElement":[{"@type":"ListItem","position":1,"name":"Home","item":"https:\/\/wpvip.ipsen.digital\/iniekcjawdomu\/"},{"@type":"ListItem","position":2,"name":"Akromegalia"}]},{"@type":"WebSite","@id":"https:\/\/wpvip.ipsen.digital\/iniekcjawdomu\/#website","url":"https:\/\/wpvip.ipsen.digital\/iniekcjawdomu\/","name":"Iniekcja W DOMU","description":"","publisher":{"@id":"https:\/\/wpvip.ipsen.digital\/iniekcjawdomu\/#organization"},"potentialAction":[{"@type":"SearchAction","target":{"@type":"EntryPoint","urlTemplate":"https:\/\/wpvip.ipsen.digital\/iniekcjawdomu\/?s={search_term_string}"},"query-input":{"@type":"PropertyValueSpecification","valueRequired":true,"valueName":"search_term_string"}}],"inLanguage":"en-US"},{"@type":"Organization","@id":"https:\/\/wpvip.ipsen.digital\/iniekcjawdomu\/#organization","name":"Iniekcja W DOMU","url":"https:\/\/wpvip.ipsen.digital\/iniekcjawdomu\/","logo":{"@type":"ImageObject","inLanguage":"en-US","@id":"https:\/\/wpvip.ipsen.digital\/iniekcjawdomu\/#\/schema\/logo\/image\/","url":"https:\/\/wpvip.ipsen.digital\/iniekcjawdomu\/wp-content\/uploads\/sites\/96\/2026\/02\/imgi_1_logo-iniekcja-w-domu.png","contentUrl":"https:\/\/wpvip.ipsen.digital\/iniekcjawdomu\/wp-content\/uploads\/sites\/96\/2026\/02\/imgi_1_logo-iniekcja-w-domu.png","width":274,"height":125,"caption":"Iniekcja W DOMU"},"image":{"@id":"https:\/\/wpvip.ipsen.digital\/iniekcjawdomu\/#\/schema\/logo\/image\/"}}]}},"_links":{"self":[{"href":"https:\/\/wpvip.ipsen.digital\/iniekcjawdomu\/wp-json\/wp\/v2\/pages\/97","targetHints":{"allow":["GET"]}}],"collection":[{"href":"https:\/\/wpvip.ipsen.digital\/iniekcjawdomu\/wp-json\/wp\/v2\/pages"}],"about":[{"href":"https:\/\/wpvip.ipsen.digital\/iniekcjawdomu\/wp-json\/wp\/v2\/types\/page"}],"author":[{"embeddable":true,"href":"https:\/\/wpvip.ipsen.digital\/iniekcjawdomu\/wp-json\/wp\/v2\/users\/35"}],"replies":[{"embeddable":true,"href":"https:\/\/wpvip.ipsen.digital\/iniekcjawdomu\/wp-json\/wp\/v2\/comments?post=97"}],"version-history":[{"count":13,"href":"https:\/\/wpvip.ipsen.digital\/iniekcjawdomu\/wp-json\/wp\/v2\/pages\/97\/revisions"}],"predecessor-version":[{"id":138,"href":"https:\/\/wpvip.ipsen.digital\/iniekcjawdomu\/wp-json\/wp\/v2\/pages\/97\/revisions\/138"}],"wp:attachment":[{"href":"https:\/\/wpvip.ipsen.digital\/iniekcjawdomu\/wp-json\/wp\/v2\/media?parent=97"}],"wp:term":[{"taxonomy":"ipsen-author","embeddable":true,"href":"https:\/\/wpvip.ipsen.digital\/iniekcjawdomu\/wp-json\/wp\/v2\/ipsen-author?post=97"}],"curies":[{"name":"wp","href":"https:\/\/api.w.org\/{rel}","templated":true}]}}